{"id":1098,"date":"2018-11-02T09:51:52","date_gmt":"2018-11-02T12:51:52","guid":{"rendered":"http:\/\/10.101.10.197\/iyp\/?page_id=1098"},"modified":"2025-04-29T11:07:33","modified_gmt":"2025-04-29T14:07:33","slug":"cursos-de-posgrado-unsl","status":"publish","type":"page","link":"https:\/\/iyp.fcejs.unsl.edu.ar\/index.php\/cursos-de-posgrado-unsl\/","title":{"rendered":"Cursos de Posgrado UNSL"},"content":{"rendered":"\t\t<div data-elementor-type=\"wp-post\" data-elementor-id=\"1098\" class=\"elementor elementor-1098\">\n\t\t\t\t\t\t<section class=\"elementor-section elementor-top-section elementor-element elementor-element-c08b908 elementor-section-content-top elementor-section-boxed elementor-section-height-default elementor-section-height-default\" data-id=\"c08b908\" data-element_type=\"section\" data-e-type=\"section\">\n\t\t\t\t\t\t<div class=\"elementor-container elementor-column-gap-default\">\n\t\t\t\t\t<div class=\"elementor-column elementor-col-100 elementor-top-column elementor-element elementor-element-a5809a5\" data-id=\"a5809a5\" data-element_type=\"column\" data-e-type=\"column\">\n\t\t\t<div class=\"elementor-widget-wrap elementor-element-populated\">\n\t\t\t\t\t\t<section class=\"elementor-section elementor-inner-section elementor-element elementor-element-f76fa72 elementor-section-boxed elementor-section-height-default elementor-section-height-default\" data-id=\"f76fa72\" data-element_type=\"section\" data-e-type=\"section\">\n\t\t\t\t\t\t<div class=\"elementor-container elementor-column-gap-default\">\n\t\t\t\t\t<div class=\"elementor-column elementor-col-100 elementor-inner-column elementor-element elementor-element-3e4fd5e\" data-id=\"3e4fd5e\" data-element_type=\"column\" data-e-type=\"column\" data-settings=\"{&quot;background_background&quot;:&quot;classic&quot;}\">\n\t\t\t<div class=\"elementor-widget-wrap elementor-element-populated\">\n\t\t\t\t\t\t<div class=\"elementor-element elementor-element-c27d85d elementor-widget elementor-widget-heading\" data-id=\"c27d85d\" data-element_type=\"widget\" data-e-type=\"widget\" data-widget_type=\"heading.default\">\n\t\t\t\t<div class=\"elementor-widget-container\">\n\t\t\t\t\t<h2 class=\"elementor-heading-title elementor-size-default\"><a href=\"https:\/\/iyp.fcejs.unsl.edu.ar\/index.php\/posgrado\/carreras-de-posgrado\/\">Cursos de Posgrado<\/a><\/h2>\t\t\t\t<\/div>\n\t\t\t\t<\/div>\n\t\t\t\t\t<\/div>\n\t\t<\/div>\n\t\t\t\t\t<\/div>\n\t\t<\/section>\n\t\t\t\t<section class=\"elementor-section elementor-inner-section elementor-element elementor-element-b6b14ec elementor-section-boxed elementor-section-height-default elementor-section-height-default\" data-id=\"b6b14ec\" data-element_type=\"section\" data-e-type=\"section\">\n\t\t\t\t\t\t<div class=\"elementor-container elementor-column-gap-default\">\n\t\t\t\t\t<div class=\"elementor-column elementor-col-100 elementor-inner-column elementor-element elementor-element-34b78db\" data-id=\"34b78db\" data-element_type=\"column\" data-e-type=\"column\">\n\t\t\t<div class=\"elementor-widget-wrap elementor-element-populated\">\n\t\t\t\t\t\t<div class=\"elementor-element elementor-element-6e76a60 elementor-widget elementor-widget-obfx-posts-grid\" data-id=\"6e76a60\" data-element_type=\"widget\" data-e-type=\"widget\" data-widget_type=\"obfx-posts-grid.default\">\n\t\t\t\t<div class=\"elementor-widget-container\">\n\t\t\t\t\t<div class=\"obfx-grid\"><div class=\"obfx-grid-container obfx-grid-desktop-3\"><div class=\"obfx-grid-wrapper\"><article class=\"obfx-grid-col\"><div class=\"obfx-grid-col-image\" style=\"\"><a href=\"https:\/\/iyp.fcejs.unsl.edu.ar\/index.php\/inscriciones-abiertas\/\" title=\"Inscripciones Abiertas!\"><img fetchpriority=\"high\" decoding=\"async\" width=\"2048\" height=\"1152\" src=\"https:\/\/iyp.fcejs.unsl.edu.ar\/wp-content\/uploads\/2025\/06\/PLACA-WEBcurso-de-posgrado-jovenes-2048x1152-1.jpg\" class=\"img-responsive wp-post-image\" alt=\"PLACA-WEBcurso-de-posgrado-jovenes-2048&#215;1152\" srcset=\"https:\/\/iyp.fcejs.unsl.edu.ar\/wp-content\/uploads\/2025\/06\/PLACA-WEBcurso-de-posgrado-jovenes-2048x1152-1.jpg 2048w, https:\/\/iyp.fcejs.unsl.edu.ar\/wp-content\/uploads\/2025\/06\/PLACA-WEBcurso-de-posgrado-jovenes-2048x1152-1-300x169.jpg 300w, https:\/\/iyp.fcejs.unsl.edu.ar\/wp-content\/uploads\/2025\/06\/PLACA-WEBcurso-de-posgrado-jovenes-2048x1152-1-1024x576.jpg 1024w, https:\/\/iyp.fcejs.unsl.edu.ar\/wp-content\/uploads\/2025\/06\/PLACA-WEBcurso-de-posgrado-jovenes-2048x1152-1-768x432.jpg 768w, https:\/\/iyp.fcejs.unsl.edu.ar\/wp-content\/uploads\/2025\/06\/PLACA-WEBcurso-de-posgrado-jovenes-2048x1152-1-1536x864.jpg 1536w\" sizes=\"(max-width: 2048px) 100vw, 2048px\" \/><\/a><\/div><div class=\"obfx-grid-col-content\">\t\t\t<h2 class=\"entry-title obfx-grid-title\">\n\t\t\t\t\t\t\t<a href=\"https:\/\/iyp.fcejs.unsl.edu.ar\/index.php\/inscriciones-abiertas\/\" title=\"Inscripciones Abiertas!\">\n\t\t\t\t\tInscripciones Abiertas!\t\t\t\t<\/a>\n\t\t\t\t\t\t\t<\/h2>\n\t\t\t\t\t\t<div class=\"entry-content obfx-grid-content\">\n\t\t\t\tM\u00e1s informaci\u00f3n en https:\/\/www.fcejs.unsl.edu.ar\/index.php\/curso-de-posgrado-jovenes-burocracias-estatales-y-derechos-humanos\/\t\t\t<\/div>\n\t\t\t<div class=\"obfx-grid-footer\"><a href=\"https:\/\/iyp.fcejs.unsl.edu.ar\/index.php\/inscriciones-abiertas\/\" title=\"\"><\/a><\/div><\/div><\/article><\/div><div class=\"obfx-grid-wrapper\"><article class=\"obfx-grid-col\"><div class=\"obfx-grid-col-image\" style=\"\"><a href=\"https:\/\/iyp.fcejs.unsl.edu.ar\/index.php\/curso-de-posgrado\/\" title=\"Curso de Posgrado: El proceso de formulaci\u00f3n presupuestaria p\u00fablica\"><img decoding=\"async\" width=\"1152\" height=\"648\" src=\"https:\/\/iyp.fcejs.unsl.edu.ar\/wp-content\/uploads\/2025\/05\/PLACA-WEBPROCESO-DE-FORMULACION-PROSUPUESTARIA-PUBLICA-front02.jpg\" class=\"img-responsive wp-post-image\" alt=\"PLACA-WEBPROCESO-DE-FORMULACION-PROSUPUESTARIA-PUBLICA-front02\" srcset=\"https:\/\/iyp.fcejs.unsl.edu.ar\/wp-content\/uploads\/2025\/05\/PLACA-WEBPROCESO-DE-FORMULACION-PROSUPUESTARIA-PUBLICA-front02.jpg 1152w, https:\/\/iyp.fcejs.unsl.edu.ar\/wp-content\/uploads\/2025\/05\/PLACA-WEBPROCESO-DE-FORMULACION-PROSUPUESTARIA-PUBLICA-front02-300x169.jpg 300w, https:\/\/iyp.fcejs.unsl.edu.ar\/wp-content\/uploads\/2025\/05\/PLACA-WEBPROCESO-DE-FORMULACION-PROSUPUESTARIA-PUBLICA-front02-1024x576.jpg 1024w, https:\/\/iyp.fcejs.unsl.edu.ar\/wp-content\/uploads\/2025\/05\/PLACA-WEBPROCESO-DE-FORMULACION-PROSUPUESTARIA-PUBLICA-front02-768x432.jpg 768w\" sizes=\"(max-width: 1152px) 100vw, 1152px\" \/><\/a><\/div><div class=\"obfx-grid-col-content\">\t\t\t<h2 class=\"entry-title obfx-grid-title\">\n\t\t\t\t\t\t\t<a href=\"https:\/\/iyp.fcejs.unsl.edu.ar\/index.php\/curso-de-posgrado\/\" title=\"Curso de Posgrado: El proceso de formulaci\u00f3n presupuestaria p\u00fablica\">\n\t\t\t\t\tCurso de Posgrado: El proceso de formulaci\u00f3n presupuestaria p\u00fablica\t\t\t\t<\/a>\n\t\t\t\t\t\t\t<\/h2>\n\t\t\t\t\t\t<div class=\"entry-content obfx-grid-content\">\n\t\t\t\t\t\t\t<\/div>\n\t\t\t<div class=\"obfx-grid-footer\"><a href=\"https:\/\/iyp.fcejs.unsl.edu.ar\/index.php\/curso-de-posgrado\/\" title=\"\"><\/a><\/div><\/div><\/article><\/div><div class=\"obfx-grid-wrapper\"><article class=\"obfx-grid-col\"><div class=\"obfx-grid-col-image\" style=\"\"><a href=\"https:\/\/iyp.fcejs.unsl.edu.ar\/index.php\/curso-de-posgrado-tres-desafios-epistemologicos-del-profesorado\/\" title=\"Curso de Posgrado: Tres Desaf\u00edos Epistemol\u00f3gicos del Profesorado\"><img decoding=\"async\" width=\"1080\" height=\"1350\" src=\"https:\/\/iyp.fcejs.unsl.edu.ar\/wp-content\/uploads\/2025\/05\/flyerevaluacion-CHATGPT.jpg\" class=\"img-responsive wp-post-image\" alt=\"flyerevaluacion CHATGPT\" srcset=\"https:\/\/iyp.fcejs.unsl.edu.ar\/wp-content\/uploads\/2025\/05\/flyerevaluacion-CHATGPT.jpg 1080w, https:\/\/iyp.fcejs.unsl.edu.ar\/wp-content\/uploads\/2025\/05\/flyerevaluacion-CHATGPT-240x300.jpg 240w, https:\/\/iyp.fcejs.unsl.edu.ar\/wp-content\/uploads\/2025\/05\/flyerevaluacion-CHATGPT-819x1024.jpg 819w, https:\/\/iyp.fcejs.unsl.edu.ar\/wp-content\/uploads\/2025\/05\/flyerevaluacion-CHATGPT-768x960.jpg 768w\" sizes=\"(max-width: 1080px) 100vw, 1080px\" \/><\/a><\/div><div class=\"obfx-grid-col-content\">\t\t\t<h2 class=\"entry-title obfx-grid-title\">\n\t\t\t\t\t\t\t<a href=\"https:\/\/iyp.fcejs.unsl.edu.ar\/index.php\/curso-de-posgrado-tres-desafios-epistemologicos-del-profesorado\/\" title=\"Curso de Posgrado: Tres Desaf\u00edos Epistemol\u00f3gicos del Profesorado\">\n\t\t\t\t\tCurso de Posgrado: Tres Desaf\u00edos Epistemol\u00f3gicos del Profesorado\t\t\t\t<\/a>\n\t\t\t\t\t\t\t<\/h2>\n\t\t\t\t\t\t<div class=\"entry-content obfx-grid-content\">\n\t\t\t\t\t\t\t<\/div>\n\t\t\t<div class=\"obfx-grid-footer\"><a href=\"https:\/\/iyp.fcejs.unsl.edu.ar\/index.php\/curso-de-posgrado-tres-desafios-epistemologicos-del-profesorado\/\" title=\"\"><\/a><\/div><\/div><\/article><\/div><div class=\"obfx-grid-wrapper\"><article class=\"obfx-grid-col\"><div class=\"obfx-grid-col-image\" style=\"\"><a href=\"https:\/\/iyp.fcejs.unsl.edu.ar\/index.php\/curso-de-posgrado-intervencion-profesional\/\" title=\"Curso de posgrado: Intervenci\u00f3n Profesional\"><img loading=\"lazy\" decoding=\"async\" width=\"1080\" height=\"1350\" src=\"https:\/\/iyp.fcejs.unsl.edu.ar\/wp-content\/uploads\/2025\/05\/flyer-INTERVENCION-PROFESIONAL-2.jpg\" class=\"img-responsive wp-post-image\" alt=\"flyer INTERVENCI\u00d3N PROFESIONAL (2)\" srcset=\"https:\/\/iyp.fcejs.unsl.edu.ar\/wp-content\/uploads\/2025\/05\/flyer-INTERVENCION-PROFESIONAL-2.jpg 1080w, https:\/\/iyp.fcejs.unsl.edu.ar\/wp-content\/uploads\/2025\/05\/flyer-INTERVENCION-PROFESIONAL-2-240x300.jpg 240w, https:\/\/iyp.fcejs.unsl.edu.ar\/wp-content\/uploads\/2025\/05\/flyer-INTERVENCION-PROFESIONAL-2-819x1024.jpg 819w, https:\/\/iyp.fcejs.unsl.edu.ar\/wp-content\/uploads\/2025\/05\/flyer-INTERVENCION-PROFESIONAL-2-768x960.jpg 768w\" sizes=\"(max-width: 1080px) 100vw, 1080px\" \/><\/a><\/div><div class=\"obfx-grid-col-content\">\t\t\t<h2 class=\"entry-title obfx-grid-title\">\n\t\t\t\t\t\t\t<a href=\"https:\/\/iyp.fcejs.unsl.edu.ar\/index.php\/curso-de-posgrado-intervencion-profesional\/\" title=\"Curso de posgrado: Intervenci\u00f3n Profesional\">\n\t\t\t\t\tCurso de posgrado: Intervenci\u00f3n Profesional\t\t\t\t<\/a>\n\t\t\t\t\t\t\t<\/h2>\n\t\t\t\t\t\t<div class=\"entry-content obfx-grid-content\">\n\t\t\t\t\t\t\t<\/div>\n\t\t\t<div class=\"obfx-grid-footer\"><a href=\"https:\/\/iyp.fcejs.unsl.edu.ar\/index.php\/curso-de-posgrado-intervencion-profesional\/\" title=\"\"><\/a><\/div><\/div><\/article><\/div><\/div><!-- .obfx-grid-container --><\/div><!-- .obfx-grid -->\t\t\t\t<\/div>\n\t\t\t\t<\/div>\n\t\t\t\t\t<\/div>\n\t\t<\/div>\n\t\t\t\t\t<\/div>\n\t\t<\/section>\n\t\t\t\t\t<\/div>\n\t\t<\/div>\n\t\t\t\t\t<\/div>\n\t\t<\/section>\n\t\t\t\t<\/div>\n\t\t","protected":false},"excerpt":{"rendered":"<p>Cursos de Posgrado NUEVA COHORTE A\u00fan se encuentran abiertas la preinscripciones para la 2da Cohorte de la Carrera de\u00a0Especializaci\u00f3n en Abordajes de Problem\u00e1ticas Sociales desde&hellip;<\/p>\n","protected":false},"author":5,"featured_media":0,"parent":0,"menu_order":0,"comment_status":"closed","ping_status":"closed","template":"","meta":{"om_disable_all_campaigns":false,"_monsterinsights_skip_tracking":false,"_monsterinsights_sitenote_active":false,"_monsterinsights_sitenote_note":"","_monsterinsights_sitenote_category":0,"_uf_show_specific_survey":0,"_uf_disable_surveys":false,"footnotes":""},"class_list":["post-1098","page","type-page","status-publish","hentry"],"yoast_head":"<!-- This site is optimized with the Yoast SEO plugin v27.2 - https:\/\/yoast.com\/product\/yoast-seo-wordpress\/ -->\n<title>Cursos de Posgrado UNSL - Secretar\u00eda de Investigaci\u00f3n y Posgrado<\/title>\n<meta name=\"robots\" content=\"index, follow, max-snippet:-1, max-image-preview:large, max-video-preview:-1\" \/>\n<link rel=\"canonical\" href=\"https:\/\/iyp.fcejs.unsl.edu.ar\/index.php\/cursos-de-posgrado-unsl\/\" \/>\n<meta property=\"og:locale\" content=\"es_ES\" \/>\n<meta property=\"og:type\" content=\"article\" \/>\n<meta property=\"og:title\" content=\"Cursos de Posgrado UNSL - Secretar\u00eda de Investigaci\u00f3n y Posgrado\" \/>\n<meta property=\"og:description\" content=\"Cursos de Posgrado NUEVA COHORTE A\u00fan se encuentran abiertas la preinscripciones para la 2da Cohorte de la Carrera de\u00a0Especializaci\u00f3n en Abordajes de Problem\u00e1ticas Sociales desde&hellip;\" \/>\n<meta property=\"og:url\" content=\"https:\/\/iyp.fcejs.unsl.edu.ar\/index.php\/cursos-de-posgrado-unsl\/\" \/>\n<meta property=\"og:site_name\" content=\"Secretar\u00eda de Investigaci\u00f3n y Posgrado\" \/>\n<meta property=\"article:modified_time\" content=\"2025-04-29T14:07:33+00:00\" \/>\n<meta name=\"twitter:card\" content=\"summary_large_image\" \/>\n<meta name=\"twitter:label1\" content=\"Tiempo de lectura\" \/>\n\t<meta name=\"twitter:data1\" content=\"1 minuto\" \/>\n<script type=\"application\/ld+json\" class=\"yoast-schema-graph\">{\"@context\":\"https:\/\/schema.org\",\"@graph\":[{\"@type\":\"WebPage\",\"@id\":\"https:\/\/iyp.fcejs.unsl.edu.ar\/index.php\/cursos-de-posgrado-unsl\/\",\"url\":\"https:\/\/iyp.fcejs.unsl.edu.ar\/index.php\/cursos-de-posgrado-unsl\/\",\"name\":\"Cursos de Posgrado UNSL - Secretar\u00eda de Investigaci\u00f3n y Posgrado\",\"isPartOf\":{\"@id\":\"https:\/\/iyp.fcejs.unsl.edu.ar\/#website\"},\"datePublished\":\"2018-11-02T12:51:52+00:00\",\"dateModified\":\"2025-04-29T14:07:33+00:00\",\"breadcrumb\":{\"@id\":\"https:\/\/iyp.fcejs.unsl.edu.ar\/index.php\/cursos-de-posgrado-unsl\/#breadcrumb\"},\"inLanguage\":\"es-AR\",\"potentialAction\":[{\"@type\":\"ReadAction\",\"target\":[\"https:\/\/iyp.fcejs.unsl.edu.ar\/index.php\/cursos-de-posgrado-unsl\/\"]}]},{\"@type\":\"BreadcrumbList\",\"@id\":\"https:\/\/iyp.fcejs.unsl.edu.ar\/index.php\/cursos-de-posgrado-unsl\/#breadcrumb\",\"itemListElement\":[{\"@type\":\"ListItem\",\"position\":1,\"name\":\"Inicio\",\"item\":\"https:\/\/iyp.fcejs.unsl.edu.ar\/\"},{\"@type\":\"ListItem\",\"position\":2,\"name\":\"Cursos de Posgrado UNSL\"}]},{\"@type\":\"WebSite\",\"@id\":\"https:\/\/iyp.fcejs.unsl.edu.ar\/#website\",\"url\":\"https:\/\/iyp.fcejs.unsl.edu.ar\/\",\"name\":\"Secretar\u00eda de Investigaci\u00f3n y Posgrado\",\"description\":\"FCEJS - UNSL\",\"publisher\":{\"@id\":\"https:\/\/iyp.fcejs.unsl.edu.ar\/#organization\"},\"potentialAction\":[{\"@type\":\"SearchAction\",\"target\":{\"@type\":\"EntryPoint\",\"urlTemplate\":\"https:\/\/iyp.fcejs.unsl.edu.ar\/?s={search_term_string}\"},\"query-input\":{\"@type\":\"PropertyValueSpecification\",\"valueRequired\":true,\"valueName\":\"search_term_string\"}}],\"inLanguage\":\"es-AR\"},{\"@type\":\"Organization\",\"@id\":\"https:\/\/iyp.fcejs.unsl.edu.ar\/#organization\",\"name\":\"FCEJS - Secretar\u00eda de Investigaci\u00f3n y Posgrado\",\"url\":\"https:\/\/iyp.fcejs.unsl.edu.ar\/\",\"logo\":{\"@type\":\"ImageObject\",\"inLanguage\":\"es-AR\",\"@id\":\"https:\/\/iyp.fcejs.unsl.edu.ar\/#\/schema\/logo\/image\/\",\"url\":\"https:\/\/iyp.fcejs.unsl.edu.ar\/wp-content\/uploads\/2020\/03\/LogoFCEJS.png\",\"contentUrl\":\"https:\/\/iyp.fcejs.unsl.edu.ar\/wp-content\/uploads\/2020\/03\/LogoFCEJS.png\",\"width\":609,\"height\":584,\"caption\":\"FCEJS - Secretar\u00eda de Investigaci\u00f3n y Posgrado\"},\"image\":{\"@id\":\"https:\/\/iyp.fcejs.unsl.edu.ar\/#\/schema\/logo\/image\/\"}}]}<\/script>\n<!-- \/ Yoast SEO plugin. -->","yoast_head_json":{"title":"Cursos de Posgrado UNSL - Secretar\u00eda de Investigaci\u00f3n y Posgrado","robots":{"index":"index","follow":"follow","max-snippet":"max-snippet:-1","max-image-preview":"max-image-preview:large","max-video-preview":"max-video-preview:-1"},"canonical":"https:\/\/iyp.fcejs.unsl.edu.ar\/index.php\/cursos-de-posgrado-unsl\/","og_locale":"es_ES","og_type":"article","og_title":"Cursos de Posgrado UNSL - Secretar\u00eda de Investigaci\u00f3n y Posgrado","og_description":"Cursos de Posgrado NUEVA COHORTE A\u00fan se encuentran abiertas la preinscripciones para la 2da Cohorte de la Carrera de\u00a0Especializaci\u00f3n en Abordajes de Problem\u00e1ticas Sociales desde&hellip;","og_url":"https:\/\/iyp.fcejs.unsl.edu.ar\/index.php\/cursos-de-posgrado-unsl\/","og_site_name":"Secretar\u00eda de Investigaci\u00f3n y Posgrado","article_modified_time":"2025-04-29T14:07:33+00:00","twitter_card":"summary_large_image","twitter_misc":{"Tiempo de lectura":"1 minuto"},"schema":{"@context":"https:\/\/schema.org","@graph":[{"@type":"WebPage","@id":"https:\/\/iyp.fcejs.unsl.edu.ar\/index.php\/cursos-de-posgrado-unsl\/","url":"https:\/\/iyp.fcejs.unsl.edu.ar\/index.php\/cursos-de-posgrado-unsl\/","name":"Cursos de Posgrado UNSL - Secretar\u00eda de Investigaci\u00f3n y Posgrado","isPartOf":{"@id":"https:\/\/iyp.fcejs.unsl.edu.ar\/#website"},"datePublished":"2018-11-02T12:51:52+00:00","dateModified":"2025-04-29T14:07:33+00:00","breadcrumb":{"@id":"https:\/\/iyp.fcejs.unsl.edu.ar\/index.php\/cursos-de-posgrado-unsl\/#breadcrumb"},"inLanguage":"es-AR","potentialAction":[{"@type":"ReadAction","target":["https:\/\/iyp.fcejs.unsl.edu.ar\/index.php\/cursos-de-posgrado-unsl\/"]}]},{"@type":"BreadcrumbList","@id":"https:\/\/iyp.fcejs.unsl.edu.ar\/index.php\/cursos-de-posgrado-unsl\/#breadcrumb","itemListElement":[{"@type":"ListItem","position":1,"name":"Inicio","item":"https:\/\/iyp.fcejs.unsl.edu.ar\/"},{"@type":"ListItem","position":2,"name":"Cursos de Posgrado UNSL"}]},{"@type":"WebSite","@id":"https:\/\/iyp.fcejs.unsl.edu.ar\/#website","url":"https:\/\/iyp.fcejs.unsl.edu.ar\/","name":"Secretar\u00eda de Investigaci\u00f3n y Posgrado","description":"FCEJS - UNSL","publisher":{"@id":"https:\/\/iyp.fcejs.unsl.edu.ar\/#organization"},"potentialAction":[{"@type":"SearchAction","target":{"@type":"EntryPoint","urlTemplate":"https:\/\/iyp.fcejs.unsl.edu.ar\/?s={search_term_string}"},"query-input":{"@type":"PropertyValueSpecification","valueRequired":true,"valueName":"search_term_string"}}],"inLanguage":"es-AR"},{"@type":"Organization","@id":"https:\/\/iyp.fcejs.unsl.edu.ar\/#organization","name":"FCEJS - Secretar\u00eda de Investigaci\u00f3n y Posgrado","url":"https:\/\/iyp.fcejs.unsl.edu.ar\/","logo":{"@type":"ImageObject","inLanguage":"es-AR","@id":"https:\/\/iyp.fcejs.unsl.edu.ar\/#\/schema\/logo\/image\/","url":"https:\/\/iyp.fcejs.unsl.edu.ar\/wp-content\/uploads\/2020\/03\/LogoFCEJS.png","contentUrl":"https:\/\/iyp.fcejs.unsl.edu.ar\/wp-content\/uploads\/2020\/03\/LogoFCEJS.png","width":609,"height":584,"caption":"FCEJS - Secretar\u00eda de Investigaci\u00f3n y Posgrado"},"image":{"@id":"https:\/\/iyp.fcejs.unsl.edu.ar\/#\/schema\/logo\/image\/"}}]}},"_links":{"self":[{"href":"https:\/\/iyp.fcejs.unsl.edu.ar\/index.php\/wp-json\/wp\/v2\/pages\/1098","targetHints":{"allow":["GET"]}}],"collection":[{"href":"https:\/\/iyp.fcejs.unsl.edu.ar\/index.php\/wp-json\/wp\/v2\/pages"}],"about":[{"href":"https:\/\/iyp.fcejs.unsl.edu.ar\/index.php\/wp-json\/wp\/v2\/types\/page"}],"author":[{"embeddable":true,"href":"https:\/\/iyp.fcejs.unsl.edu.ar\/index.php\/wp-json\/wp\/v2\/users\/5"}],"replies":[{"embeddable":true,"href":"https:\/\/iyp.fcejs.unsl.edu.ar\/index.php\/wp-json\/wp\/v2\/comments?post=1098"}],"version-history":[{"count":13,"href":"https:\/\/iyp.fcejs.unsl.edu.ar\/index.php\/wp-json\/wp\/v2\/pages\/1098\/revisions"}],"predecessor-version":[{"id":3758,"href":"https:\/\/iyp.fcejs.unsl.edu.ar\/index.php\/wp-json\/wp\/v2\/pages\/1098\/revisions\/3758"}],"wp:attachment":[{"href":"https:\/\/iyp.fcejs.unsl.edu.ar\/index.php\/wp-json\/wp\/v2\/media?parent=1098"}],"curies":[{"name":"wp","href":"https:\/\/api.w.org\/{rel}","templated":true}]}}