{"id":2908,"date":"2020-04-15T09:29:11","date_gmt":"2020-04-15T12:29:11","guid":{"rendered":"http:\/\/10.101.10.197\/iyp\/?page_id=2908"},"modified":"2020-04-15T09:33:13","modified_gmt":"2020-04-15T12:33:13","slug":"programa-de-fortalecimiento-a-las-practicas-de-investigacion","status":"publish","type":"page","link":"https:\/\/iyp.fcejs.unsl.edu.ar\/index.php\/programa-de-fortalecimiento-a-las-practicas-de-investigacion\/","title":{"rendered":"Programa de Fortalecimiento a las Practicas de Investigaci\u00f3n"},"content":{"rendered":"\t\t<div data-elementor-type=\"wp-page\" data-elementor-id=\"2908\" class=\"elementor elementor-2908\">\n\t\t\t\t\t\t<section class=\"elementor-section elementor-top-section elementor-element elementor-element-568c5512 elementor-section-boxed elementor-section-height-default elementor-section-height-default\" data-id=\"568c5512\" data-element_type=\"section\" data-e-type=\"section\">\n\t\t\t\t\t\t<div class=\"elementor-container elementor-column-gap-default\">\n\t\t\t\t\t<div class=\"elementor-column elementor-col-100 elementor-top-column elementor-element elementor-element-21041fc\" data-id=\"21041fc\" data-element_type=\"column\" data-e-type=\"column\">\n\t\t\t<div class=\"elementor-widget-wrap elementor-element-populated\">\n\t\t\t\t\t\t<div class=\"elementor-element elementor-element-959dd2f elementor-widget elementor-widget-heading\" data-id=\"959dd2f\" data-element_type=\"widget\" data-e-type=\"widget\" data-widget_type=\"heading.default\">\n\t\t\t\t<div class=\"elementor-widget-container\">\n\t\t\t\t\t<h2 class=\"elementor-heading-title elementor-size-default\">Programa de Fortalecimiento a las Pr\u00e1cticas de Investigaci\u00f3n<\/h2>\t\t\t\t<\/div>\n\t\t\t\t<\/div>\n\t\t\t\t<section class=\"elementor-section elementor-inner-section elementor-element elementor-element-eb5e828 elementor-section-boxed elementor-section-height-default elementor-section-height-default\" data-id=\"eb5e828\" data-element_type=\"section\" data-e-type=\"section\">\n\t\t\t\t\t\t<div class=\"elementor-container elementor-column-gap-default\">\n\t\t\t\t\t<div class=\"elementor-column elementor-col-100 elementor-inner-column elementor-element elementor-element-52f2b99 animated-slow elementor-invisible\" data-id=\"52f2b99\" data-element_type=\"column\" data-e-type=\"column\" data-settings=\"{&quot;animation&quot;:&quot;zoomInLeft&quot;}\">\n\t\t\t<div class=\"elementor-widget-wrap elementor-element-populated\">\n\t\t\t\t\t\t<div class=\"elementor-element elementor-element-c8df29d elementor-align-left elementor-widget elementor-widget-button\" data-id=\"c8df29d\" data-element_type=\"widget\" data-e-type=\"widget\" data-widget_type=\"button.default\">\n\t\t\t\t<div class=\"elementor-widget-container\">\n\t\t\t\t\t\t\t\t\t<div class=\"elementor-button-wrapper\">\n\t\t\t\t\t<a class=\"elementor-button elementor-size-sm\" role=\"button\">\n\t\t\t\t\t\t<span class=\"elementor-button-content-wrapper\">\n\t\t\t\t\t\t<span class=\"elementor-button-icon\">\n\t\t\t\t<i aria-hidden=\"true\" class=\"fas fa-book\"><\/i>\t\t\t<\/span>\n\t\t\t\t\t\t\t\t\t<span class=\"elementor-button-text\">Historia<\/span>\n\t\t\t\t\t<\/span>\n\t\t\t\t\t<\/a>\n\t\t\t\t<\/div>\n\t\t\t\t\t\t\t\t<\/div>\n\t\t\t\t<\/div>\n\t\t\t\t<div class=\"elementor-element elementor-element-31449be elementor-widget elementor-widget-text-editor\" data-id=\"31449be\" data-element_type=\"widget\" data-e-type=\"widget\" data-widget_type=\"text-editor.default\">\n\t\t\t\t<div class=\"elementor-widget-container\">\n\t\t\t\t\t\t\t\t\t<p>Mediante Res. D N\u00ba268\/17 y Res. CD N\u00ba 113\/17 se cre\u00f3 el Programa de Fortalecimiento a las Pr\u00e1cticas de investigaci\u00f3n. En el marco de esta propuesta, la intenci\u00f3n es colaborar, aportar y revisar cr\u00edticamente las pr\u00e1cticas de investigaci\u00f3n y de conocimiento que se est\u00e1n llevando a cabo en la FCEJS, profundizando en una formaci\u00f3n que ponga la pregunta en <em>c\u00f3mo<\/em> se investiga, sin desconocer que dichas decisiones toman sentido si son tensionadas en el marco de los contextos sociales donde las din\u00e1micas de los sujetos tienen lugar.<\/p>\n<p>La formaci\u00f3n que se ofrece brindar\u00e1 herramientas de las Metodolog\u00edas de la Investigaci\u00f3n Social a egresados que, sin haber iniciado una carrera de postgrado, o habi\u00e9ndola cursado y estar transitando el proceso de planificaci\u00f3n de sus tesis, desearan iniciarse en la producci\u00f3n de conocimiento en sus propios campos de pr\u00e1ctica. Se considera que la producci\u00f3n de conocimiento es una posibilidad que trasciende al investigador \u201cexperto\u201d y se puede dar -y se deber\u00eda dar- en todos los campos del quehacer profesional.\u00a0 Tambi\u00e9n la propuesta est\u00e1 dirigida a docentes con trayectoria en investigaci\u00f3n que est\u00e9n interesados en profundizar en Metodolog\u00edas de Investigaci\u00f3n Social.\u00a0<\/p>\n<p>Entre las actividades realizadas se ha conformado la Comisi\u00f3n ejecutora del Programa con una coordinadora, y se ha comenzado a dictar un Curso de Posgrado <strong>\u201cFormulaci\u00f3n de Proyectos de Investigaci\u00f3n: entre conocer e investigar\u201d (Res. R N\u00ba 1510\/17) y <\/strong>el Primer Ciclo de Ateneos titulado <strong>De ensayos y experiencias en investigaci\u00f3n: metodolog\u00edas en la mira.<\/strong><\/p>\n<p>Para el a\u00f1o 2018, se propuso\u00a0 el dictado del PROGRAMA DE ACTUALIZACI\u00d3N DE POSGRADO: El Oficio de Investigar: La Formaci\u00f3n Metodol\u00f3gica en Investigadores Noveles. (120 hs) aprobado mediante Res R N\u00ba 582\/18, el mismo est\u00e1 conformado por los siguientes cursos:<\/p>\n<p>Res. R. N\u00ba 880-18 &#8211; Estrategias de An\u00e1lisis Cualitativo Codificaci\u00f3n, Matrices y Esquemas Conceptuales.<\/p>\n<p>Res. R. N\u00ba 581-18 La Construcci\u00f3n de los Problemas de Indagaci\u00f3n en un Campo Problem\u00e1tico<\/p>\n<p>Res. R N\u00ba 882\/18 &#8211; Seminario &#8211; Taller de Formulaci\u00f3n de Proyectos de Investigaci\u00f3n.<\/p>\n<p>Res. R. N\u00ba 548-18 Seminario Taller de Pr\u00e1cticas de Escritura de Investigaci\u00f3n Art\u00edculo de Investigaci\u00f3n y Ponencia<\/p>\n<p><strong>Durante el a\u00f1o 2019, las actividades se han focalizado en dos grandes actividades:<\/strong><\/p>\n<p>Ciclo de Conversaciones sobre las pr\u00e1cticas de investigaci\u00f3n 2019-2020. Estos encuentros tienen como prop\u00f3sito que profesores\/as investigadores\/as cuenten c\u00f3mo produjeron o estar pensando la producci\u00f3n de conocimiento sobre un campo disciplinar espec\u00edfico,\u00a0 recuperando a trav\u00e9s de la t\u00e9cnica de conversatorio, trabajos de investigaci\u00f3n en marcha y\/o proyectos en estado germinal de profesores\/as investigadores\/as de esta facultad y de colegas que participaron del Programa de Actualizaci\u00f3n en el 2018, de la Carrera de Especializaci\u00f3n en intervenciones sociales con ni\u00f1os, ni\u00f1as, adolescentes y j\u00f3venes y de los cursos de posgrado para presentaci\u00f3n de proyectos de investigaci\u00f3n en CyT, en el 2019. Los ejes que organizar\u00e1n estos encuentros son: Infancias, Pr\u00e1cticas Docentes, Nuevas Tecnolog\u00edas de la Informaci\u00f3n y la Comunicaci\u00f3n, G\u00e9nero, Intervenciones sociales y algunos otros que surjan durante el a\u00f1o en curso, a partir de las presentaciones al CyT -2019. Esta actividad cubre un \u00e1rea de vacancia c\u00f3mo es la generaci\u00f3n de espacios de intercambio y cooperaci\u00f3n en procesos de construcci\u00f3n de conocimiento e investigaci\u00f3n, al mismo tiempo que posibilitan la definici\u00f3n de \u00e1reas prioritarias para el desarrollo de futuras investigaciones,\u00a0 es que se sugiere la aprobaci\u00f3n de las actividades informadas y su correspondiente protocolizaci\u00f3n.<\/p>\n<p>Curso de Posgrado DISE\u00d1O DE PROYECTOS: CONSTRUYENDO TU PROPUESTA DE INVESTIGACI\u00d3N PARA LA PROESENTACI\u00d3N EN CIENCIA Y TECNICA DE LA FCEJS- UNSL, seg\u00fan Resoluci\u00f3n Rectoral N\u00ba 959\/19, a cargo de la Mg. Valeria Dabenigno y Dra. Alejandra Navarro. Previo al curso y como actividad preparatoria, se dict\u00f3 el Seminario-taller \u201c<strong>Los primeros pasos en la formulaci\u00f3n de una propuesta de investigaci\u00f3n para la presentaci\u00f3n en Ciencia y T\u00e9cnica de la FCJYS-UNSL-2019\u201d<\/strong>\u00a0a cargo de Alejandra Rovacio, Alicia Pacheco,\u00a0 Marisol Iturralde y Ayelen Neme.<\/p>\t\t\t\t\t\t\t\t<\/div>\n\t\t\t\t<\/div>\n\t\t\t\t\t<\/div>\n\t\t<\/div>\n\t\t\t\t\t<\/div>\n\t\t<\/section>\n\t\t\t\t<div class=\"elementor-element elementor-element-54158def elementor-widget elementor-widget-text-editor\" data-id=\"54158def\" data-element_type=\"widget\" data-e-type=\"widget\" data-widget_type=\"text-editor.default\">\n\t\t\t\t<div class=\"elementor-widget-container\">\n\t\t\t\t\t\t\t\t\t\n<div class=\"wp-block-themeisle-blocks-advanced-columns has-undefined-columns has-desktop-undefined-layout has-tablet-equal-layout has-mobile-equal-layout has-default-gap has-vertical-unset\" id=\"wp-block-themeisle-blocks-advanced-columns-dd246dfe\"><div class=\"wp-block-themeisle-blocks-advanced-columns-overlay\"><\/div><div class=\"innerblocks-wrap\"><\/div><\/div>\n\t\t\t\t\t\t\t\t<\/div>\n\t\t\t\t<\/div>\n\t\t\t\t\t<\/div>\n\t\t<\/div>\n\t\t\t\t\t<\/div>\n\t\t<\/section>\n\t\t\t\t<\/div>\n\t\t","protected":false},"excerpt":{"rendered":"<p>Programa de Fortalecimiento a las Pr\u00e1cticas de Investigaci\u00f3n Historia Mediante Res. D N\u00ba268\/17 y Res. CD N\u00ba 113\/17 se cre\u00f3 el Programa de Fortalecimiento a&hellip;<\/p>\n","protected":false},"author":5,"featured_media":0,"parent":0,"menu_order":0,"comment_status":"closed","ping_status":"closed","template":"","meta":{"om_disable_all_campaigns":false,"_monsterinsights_skip_tracking":false,"_monsterinsights_sitenote_active":false,"_monsterinsights_sitenote_note":"","_monsterinsights_sitenote_category":0,"_uf_show_specific_survey":0,"_uf_disable_surveys":false,"footnotes":""},"class_list":["post-2908","page","type-page","status-publish","hentry"],"yoast_head":"<!-- This site is optimized with the Yoast SEO plugin v27.2 - https:\/\/yoast.com\/product\/yoast-seo-wordpress\/ -->\n<title>Programa de Fortalecimiento a las Practicas de Investigaci\u00f3n - Secretar\u00eda de Investigaci\u00f3n y Posgrado<\/title>\n<meta name=\"robots\" content=\"index, follow, max-snippet:-1, max-image-preview:large, max-video-preview:-1\" \/>\n<link rel=\"canonical\" href=\"https:\/\/iyp.fcejs.unsl.edu.ar\/index.php\/programa-de-fortalecimiento-a-las-practicas-de-investigacion\/\" \/>\n<meta property=\"og:locale\" content=\"es_ES\" \/>\n<meta property=\"og:type\" content=\"article\" \/>\n<meta property=\"og:title\" content=\"Programa de Fortalecimiento a las Practicas de Investigaci\u00f3n - Secretar\u00eda de Investigaci\u00f3n y Posgrado\" \/>\n<meta property=\"og:description\" content=\"Programa de Fortalecimiento a las Pr\u00e1cticas de Investigaci\u00f3n Historia Mediante Res. D N\u00ba268\/17 y Res. CD N\u00ba 113\/17 se cre\u00f3 el Programa de Fortalecimiento a&hellip;\" \/>\n<meta property=\"og:url\" content=\"https:\/\/iyp.fcejs.unsl.edu.ar\/index.php\/programa-de-fortalecimiento-a-las-practicas-de-investigacion\/\" \/>\n<meta property=\"og:site_name\" content=\"Secretar\u00eda de Investigaci\u00f3n y Posgrado\" \/>\n<meta property=\"article:modified_time\" content=\"2020-04-15T12:33:13+00:00\" \/>\n<meta name=\"twitter:card\" content=\"summary_large_image\" \/>\n<meta name=\"twitter:label1\" content=\"Tiempo de lectura\" \/>\n\t<meta name=\"twitter:data1\" content=\"4 minutos\" \/>\n<script type=\"application\/ld+json\" class=\"yoast-schema-graph\">{\"@context\":\"https:\/\/schema.org\",\"@graph\":[{\"@type\":\"WebPage\",\"@id\":\"https:\/\/iyp.fcejs.unsl.edu.ar\/index.php\/programa-de-fortalecimiento-a-las-practicas-de-investigacion\/\",\"url\":\"https:\/\/iyp.fcejs.unsl.edu.ar\/index.php\/programa-de-fortalecimiento-a-las-practicas-de-investigacion\/\",\"name\":\"Programa de Fortalecimiento a las Practicas de Investigaci\u00f3n - Secretar\u00eda de Investigaci\u00f3n y Posgrado\",\"isPartOf\":{\"@id\":\"https:\/\/iyp.fcejs.unsl.edu.ar\/#website\"},\"datePublished\":\"2020-04-15T12:29:11+00:00\",\"dateModified\":\"2020-04-15T12:33:13+00:00\",\"breadcrumb\":{\"@id\":\"https:\/\/iyp.fcejs.unsl.edu.ar\/index.php\/programa-de-fortalecimiento-a-las-practicas-de-investigacion\/#breadcrumb\"},\"inLanguage\":\"es-AR\",\"potentialAction\":[{\"@type\":\"ReadAction\",\"target\":[\"https:\/\/iyp.fcejs.unsl.edu.ar\/index.php\/programa-de-fortalecimiento-a-las-practicas-de-investigacion\/\"]}]},{\"@type\":\"BreadcrumbList\",\"@id\":\"https:\/\/iyp.fcejs.unsl.edu.ar\/index.php\/programa-de-fortalecimiento-a-las-practicas-de-investigacion\/#breadcrumb\",\"itemListElement\":[{\"@type\":\"ListItem\",\"position\":1,\"name\":\"Inicio\",\"item\":\"https:\/\/iyp.fcejs.unsl.edu.ar\/\"},{\"@type\":\"ListItem\",\"position\":2,\"name\":\"Programa de Fortalecimiento a las Practicas de Investigaci\u00f3n\"}]},{\"@type\":\"WebSite\",\"@id\":\"https:\/\/iyp.fcejs.unsl.edu.ar\/#website\",\"url\":\"https:\/\/iyp.fcejs.unsl.edu.ar\/\",\"name\":\"Secretar\u00eda de Investigaci\u00f3n y Posgrado\",\"description\":\"FCEJS - UNSL\",\"publisher\":{\"@id\":\"https:\/\/iyp.fcejs.unsl.edu.ar\/#organization\"},\"potentialAction\":[{\"@type\":\"SearchAction\",\"target\":{\"@type\":\"EntryPoint\",\"urlTemplate\":\"https:\/\/iyp.fcejs.unsl.edu.ar\/?s={search_term_string}\"},\"query-input\":{\"@type\":\"PropertyValueSpecification\",\"valueRequired\":true,\"valueName\":\"search_term_string\"}}],\"inLanguage\":\"es-AR\"},{\"@type\":\"Organization\",\"@id\":\"https:\/\/iyp.fcejs.unsl.edu.ar\/#organization\",\"name\":\"FCEJS - Secretar\u00eda de Investigaci\u00f3n y Posgrado\",\"url\":\"https:\/\/iyp.fcejs.unsl.edu.ar\/\",\"logo\":{\"@type\":\"ImageObject\",\"inLanguage\":\"es-AR\",\"@id\":\"https:\/\/iyp.fcejs.unsl.edu.ar\/#\/schema\/logo\/image\/\",\"url\":\"https:\/\/iyp.fcejs.unsl.edu.ar\/wp-content\/uploads\/2020\/03\/LogoFCEJS.png\",\"contentUrl\":\"https:\/\/iyp.fcejs.unsl.edu.ar\/wp-content\/uploads\/2020\/03\/LogoFCEJS.png\",\"width\":609,\"height\":584,\"caption\":\"FCEJS - Secretar\u00eda de Investigaci\u00f3n y Posgrado\"},\"image\":{\"@id\":\"https:\/\/iyp.fcejs.unsl.edu.ar\/#\/schema\/logo\/image\/\"}}]}<\/script>\n<!-- \/ Yoast SEO plugin. -->","yoast_head_json":{"title":"Programa de Fortalecimiento a las Practicas de Investigaci\u00f3n - Secretar\u00eda de Investigaci\u00f3n y Posgrado","robots":{"index":"index","follow":"follow","max-snippet":"max-snippet:-1","max-image-preview":"max-image-preview:large","max-video-preview":"max-video-preview:-1"},"canonical":"https:\/\/iyp.fcejs.unsl.edu.ar\/index.php\/programa-de-fortalecimiento-a-las-practicas-de-investigacion\/","og_locale":"es_ES","og_type":"article","og_title":"Programa de Fortalecimiento a las Practicas de Investigaci\u00f3n - Secretar\u00eda de Investigaci\u00f3n y Posgrado","og_description":"Programa de Fortalecimiento a las Pr\u00e1cticas de Investigaci\u00f3n Historia Mediante Res. D N\u00ba268\/17 y Res. CD N\u00ba 113\/17 se cre\u00f3 el Programa de Fortalecimiento a&hellip;","og_url":"https:\/\/iyp.fcejs.unsl.edu.ar\/index.php\/programa-de-fortalecimiento-a-las-practicas-de-investigacion\/","og_site_name":"Secretar\u00eda de Investigaci\u00f3n y Posgrado","article_modified_time":"2020-04-15T12:33:13+00:00","twitter_card":"summary_large_image","twitter_misc":{"Tiempo de lectura":"4 minutos"},"schema":{"@context":"https:\/\/schema.org","@graph":[{"@type":"WebPage","@id":"https:\/\/iyp.fcejs.unsl.edu.ar\/index.php\/programa-de-fortalecimiento-a-las-practicas-de-investigacion\/","url":"https:\/\/iyp.fcejs.unsl.edu.ar\/index.php\/programa-de-fortalecimiento-a-las-practicas-de-investigacion\/","name":"Programa de Fortalecimiento a las Practicas de Investigaci\u00f3n - Secretar\u00eda de Investigaci\u00f3n y Posgrado","isPartOf":{"@id":"https:\/\/iyp.fcejs.unsl.edu.ar\/#website"},"datePublished":"2020-04-15T12:29:11+00:00","dateModified":"2020-04-15T12:33:13+00:00","breadcrumb":{"@id":"https:\/\/iyp.fcejs.unsl.edu.ar\/index.php\/programa-de-fortalecimiento-a-las-practicas-de-investigacion\/#breadcrumb"},"inLanguage":"es-AR","potentialAction":[{"@type":"ReadAction","target":["https:\/\/iyp.fcejs.unsl.edu.ar\/index.php\/programa-de-fortalecimiento-a-las-practicas-de-investigacion\/"]}]},{"@type":"BreadcrumbList","@id":"https:\/\/iyp.fcejs.unsl.edu.ar\/index.php\/programa-de-fortalecimiento-a-las-practicas-de-investigacion\/#breadcrumb","itemListElement":[{"@type":"ListItem","position":1,"name":"Inicio","item":"https:\/\/iyp.fcejs.unsl.edu.ar\/"},{"@type":"ListItem","position":2,"name":"Programa de Fortalecimiento a las Practicas de Investigaci\u00f3n"}]},{"@type":"WebSite","@id":"https:\/\/iyp.fcejs.unsl.edu.ar\/#website","url":"https:\/\/iyp.fcejs.unsl.edu.ar\/","name":"Secretar\u00eda de Investigaci\u00f3n y Posgrado","description":"FCEJS - UNSL","publisher":{"@id":"https:\/\/iyp.fcejs.unsl.edu.ar\/#organization"},"potentialAction":[{"@type":"SearchAction","target":{"@type":"EntryPoint","urlTemplate":"https:\/\/iyp.fcejs.unsl.edu.ar\/?s={search_term_string}"},"query-input":{"@type":"PropertyValueSpecification","valueRequired":true,"valueName":"search_term_string"}}],"inLanguage":"es-AR"},{"@type":"Organization","@id":"https:\/\/iyp.fcejs.unsl.edu.ar\/#organization","name":"FCEJS - Secretar\u00eda de Investigaci\u00f3n y Posgrado","url":"https:\/\/iyp.fcejs.unsl.edu.ar\/","logo":{"@type":"ImageObject","inLanguage":"es-AR","@id":"https:\/\/iyp.fcejs.unsl.edu.ar\/#\/schema\/logo\/image\/","url":"https:\/\/iyp.fcejs.unsl.edu.ar\/wp-content\/uploads\/2020\/03\/LogoFCEJS.png","contentUrl":"https:\/\/iyp.fcejs.unsl.edu.ar\/wp-content\/uploads\/2020\/03\/LogoFCEJS.png","width":609,"height":584,"caption":"FCEJS - Secretar\u00eda de Investigaci\u00f3n y Posgrado"},"image":{"@id":"https:\/\/iyp.fcejs.unsl.edu.ar\/#\/schema\/logo\/image\/"}}]}},"_links":{"self":[{"href":"https:\/\/iyp.fcejs.unsl.edu.ar\/index.php\/wp-json\/wp\/v2\/pages\/2908","targetHints":{"allow":["GET"]}}],"collection":[{"href":"https:\/\/iyp.fcejs.unsl.edu.ar\/index.php\/wp-json\/wp\/v2\/pages"}],"about":[{"href":"https:\/\/iyp.fcejs.unsl.edu.ar\/index.php\/wp-json\/wp\/v2\/types\/page"}],"author":[{"embeddable":true,"href":"https:\/\/iyp.fcejs.unsl.edu.ar\/index.php\/wp-json\/wp\/v2\/users\/5"}],"replies":[{"embeddable":true,"href":"https:\/\/iyp.fcejs.unsl.edu.ar\/index.php\/wp-json\/wp\/v2\/comments?post=2908"}],"version-history":[{"count":3,"href":"https:\/\/iyp.fcejs.unsl.edu.ar\/index.php\/wp-json\/wp\/v2\/pages\/2908\/revisions"}],"predecessor-version":[{"id":2912,"href":"https:\/\/iyp.fcejs.unsl.edu.ar\/index.php\/wp-json\/wp\/v2\/pages\/2908\/revisions\/2912"}],"wp:attachment":[{"href":"https:\/\/iyp.fcejs.unsl.edu.ar\/index.php\/wp-json\/wp\/v2\/media?parent=2908"}],"curies":[{"name":"wp","href":"https:\/\/api.w.org\/{rel}","templated":true}]}}