{"id":3061,"date":"2020-09-10T10:52:51","date_gmt":"2020-09-10T13:52:51","guid":{"rendered":"http:\/\/10.101.10.197\/iyp\/?page_id=3061"},"modified":"2025-12-17T13:42:54","modified_gmt":"2025-12-17T16:42:54","slug":"eesl","status":"publish","type":"page","link":"https:\/\/iyp.fcejs.unsl.edu.ar\/index.php\/eesl\/","title":{"rendered":"EESL"},"content":{"rendered":"\t\t<div data-elementor-type=\"wp-page\" data-elementor-id=\"3061\" class=\"elementor elementor-3061\">\n\t\t\t\t\t\t<section class=\"elementor-section elementor-top-section elementor-element elementor-element-568c5512 elementor-section-boxed elementor-section-height-default elementor-section-height-default\" data-id=\"568c5512\" data-element_type=\"section\" data-e-type=\"section\">\n\t\t\t\t\t\t<div class=\"elementor-container elementor-column-gap-default\">\n\t\t\t\t\t<div class=\"elementor-column elementor-col-100 elementor-top-column elementor-element elementor-element-21041fc\" data-id=\"21041fc\" data-element_type=\"column\" data-e-type=\"column\">\n\t\t\t<div class=\"elementor-widget-wrap elementor-element-populated\">\n\t\t\t\t\t\t<div class=\"elementor-element elementor-element-959dd2f elementor-widget elementor-widget-heading\" data-id=\"959dd2f\" data-element_type=\"widget\" data-e-type=\"widget\" data-widget_type=\"heading.default\">\n\t\t\t\t<div class=\"elementor-widget-container\">\n\t\t\t\t\t<h2 class=\"elementor-heading-title elementor-size-default\">Especializaci\u00f3n en Estudios Socioecon\u00f3micos Latinoamericanos<\/h2>\t\t\t\t<\/div>\n\t\t\t\t<\/div>\n\t\t\t\t<section class=\"elementor-section elementor-inner-section elementor-element elementor-element-08b36d4 elementor-section-boxed elementor-section-height-default elementor-section-height-default\" data-id=\"08b36d4\" data-element_type=\"section\" data-e-type=\"section\">\n\t\t\t\t\t\t<div class=\"elementor-container elementor-column-gap-default\">\n\t\t\t\t\t<div class=\"elementor-column elementor-col-50 elementor-inner-column elementor-element elementor-element-9e35301 animated-slow elementor-invisible\" data-id=\"9e35301\" data-element_type=\"column\" data-e-type=\"column\" data-settings=\"{&quot;animation&quot;:&quot;zoomInUp&quot;}\">\n\t\t\t<div class=\"elementor-widget-wrap elementor-element-populated\">\n\t\t\t\t\t\t<div class=\"elementor-element elementor-element-f10d32c elementor-invisible elementor-widget elementor-widget-image\" data-id=\"f10d32c\" data-element_type=\"widget\" data-e-type=\"widget\" data-settings=\"{&quot;_animation&quot;:&quot;zoomInUp&quot;}\" data-widget_type=\"image.default\">\n\t\t\t\t<div class=\"elementor-widget-container\">\n\t\t\t\t\t\t\t\t\t\t\t\t\t\t\t<img fetchpriority=\"high\" decoding=\"async\" width=\"561\" height=\"513\" src=\"https:\/\/iyp.fcejs.unsl.edu.ar\/wp-content\/uploads\/2025\/04\/LogoEESL-1.png\" class=\"attachment-large size-large wp-image-3728\" alt=\"\" srcset=\"https:\/\/iyp.fcejs.unsl.edu.ar\/wp-content\/uploads\/2025\/04\/LogoEESL-1.png 561w, https:\/\/iyp.fcejs.unsl.edu.ar\/wp-content\/uploads\/2025\/04\/LogoEESL-1-300x274.png 300w\" sizes=\"(max-width: 561px) 100vw, 561px\" \/>\t\t\t\t\t\t\t\t\t\t\t\t\t\t\t<\/div>\n\t\t\t\t<\/div>\n\t\t\t\t<div class=\"elementor-element elementor-element-dc65b46 elementor-button-info elementor-align-center elementor-widget elementor-widget-button\" data-id=\"dc65b46\" data-element_type=\"widget\" data-e-type=\"widget\" data-widget_type=\"button.default\">\n\t\t\t\t<div class=\"elementor-widget-container\">\n\t\t\t\t\t\t\t\t\t<div class=\"elementor-button-wrapper\">\n\t\t\t\t\t<a class=\"elementor-button elementor-button-link elementor-size-sm\" href=\"#\">\n\t\t\t\t\t\t<span class=\"elementor-button-content-wrapper\">\n\t\t\t\t\t\t\t\t\t<span class=\"elementor-button-text\">M\u00e1s informaci\u00f3n<\/span>\n\t\t\t\t\t<\/span>\n\t\t\t\t\t<\/a>\n\t\t\t\t<\/div>\n\t\t\t\t\t\t\t\t<\/div>\n\t\t\t\t<\/div>\n\t\t\t\t\t<\/div>\n\t\t<\/div>\n\t\t\t\t<div class=\"elementor-column elementor-col-50 elementor-inner-column elementor-element elementor-element-e429111 animated-slow\" data-id=\"e429111\" data-element_type=\"column\" data-e-type=\"column\" data-settings=\"{&quot;animation&quot;:&quot;none&quot;}\">\n\t\t\t<div class=\"elementor-widget-wrap elementor-element-populated\">\n\t\t\t\t\t\t<div class=\"elementor-element elementor-element-b694574 elementor-align-left elementor-widget elementor-widget-button\" data-id=\"b694574\" data-element_type=\"widget\" data-e-type=\"widget\" data-widget_type=\"button.default\">\n\t\t\t\t<div class=\"elementor-widget-container\">\n\t\t\t\t\t\t\t\t\t<div class=\"elementor-button-wrapper\">\n\t\t\t\t\t<a class=\"elementor-button elementor-size-sm\" role=\"button\">\n\t\t\t\t\t\t<span class=\"elementor-button-content-wrapper\">\n\t\t\t\t\t\t<span class=\"elementor-button-icon\">\n\t\t\t\t<i aria-hidden=\"true\" class=\"fas fa-user-graduate\"><\/i>\t\t\t<\/span>\n\t\t\t\t\t\t\t\t\t<span class=\"elementor-button-text\">Titulo a otorgar: Especialista en Estudios Socioecon\u00f3micos Latinoamericanos<\/span>\n\t\t\t\t\t<\/span>\n\t\t\t\t\t<\/a>\n\t\t\t\t<\/div>\n\t\t\t\t\t\t\t\t<\/div>\n\t\t\t\t<\/div>\n\t\t\t\t<div class=\"elementor-element elementor-element-d078f70 elementor-widget elementor-widget-text-editor\" data-id=\"d078f70\" data-element_type=\"widget\" data-e-type=\"widget\" data-widget_type=\"text-editor.default\">\n\t\t\t\t<div class=\"elementor-widget-container\">\n\t\t\t\t\t\t\t\t\t<p>Aprob. CONEAU <a href=\"https:\/\/iyp.fcejs.unsl.edu.ar\/wp-content\/uploads\/2025\/04\/Dictamen-CONEAU-Esp.-en-estudios-Socioeconomicos-Latinoameric.pdf\" target=\"_blank\" rel=\"noopener\">Acta 492\/18<\/a><br \/>Reconocimiento Ministerial <a href=\"https:\/\/iyp.fcejs.unsl.edu.ar\/wp-content\/uploads\/2025\/12\/RS-2025-127854666-APN-CONEAUMCH.pdf\">RESFC-2025-477-APN-CONEAU#MCH<\/a><br \/>Plan de estudios <a href=\"https:\/\/iyp.fcejs.unsl.edu.ar\/docs\/especializacion\/ESL\/Ord.%20CD%2001-17%20-%20Creaci%c3%b3n%20y%20Plan%20de%20Estudios%20de%20Esp.%20en%20Estudios%20Socioeconomicos%20Latinoamericanos.pdf\">01\/17<\/a><br \/>Reglamento Carrera <a href=\"https:\/\/iyp.fcejs.unsl.edu.ar\/docs\/especializacion\/ESL\/Ord.%20CD%2010-19%20%20Reglamento%20Especializacion%20en%20Estudios%20Socioeconomicos%20Latinoamericanos.pdf\">OCD 10\/19<\/a><\/p>\t\t\t\t\t\t\t\t<\/div>\n\t\t\t\t<\/div>\n\t\t\t\t<div class=\"elementor-element elementor-element-882cabd elementor-align-left elementor-widget elementor-widget-button\" data-id=\"882cabd\" data-element_type=\"widget\" data-e-type=\"widget\" data-widget_type=\"button.default\">\n\t\t\t\t<div class=\"elementor-widget-container\">\n\t\t\t\t\t\t\t\t\t<div class=\"elementor-button-wrapper\">\n\t\t\t\t\t<a class=\"elementor-button elementor-size-sm\" role=\"button\">\n\t\t\t\t\t\t<span class=\"elementor-button-content-wrapper\">\n\t\t\t\t\t\t\t\t\t<span class=\"elementor-button-text\">Director: Dr. Enrique Elorza<\/span>\n\t\t\t\t\t<\/span>\n\t\t\t\t\t<\/a>\n\t\t\t\t<\/div>\n\t\t\t\t\t\t\t\t<\/div>\n\t\t\t\t<\/div>\n\t\t\t\t\t<\/div>\n\t\t<\/div>\n\t\t\t\t\t<\/div>\n\t\t<\/section>\n\t\t\t\t<section class=\"elementor-section elementor-inner-section elementor-element elementor-element-3b523df elementor-section-boxed elementor-section-height-default elementor-section-height-default\" data-id=\"3b523df\" data-element_type=\"section\" data-e-type=\"section\">\n\t\t\t\t\t\t<div class=\"elementor-container elementor-column-gap-default\">\n\t\t\t\t\t<div class=\"elementor-column elementor-col-100 elementor-inner-column elementor-element elementor-element-be1b5d7\" data-id=\"be1b5d7\" data-element_type=\"column\" data-e-type=\"column\">\n\t\t\t<div class=\"elementor-widget-wrap elementor-element-populated\">\n\t\t\t\t\t\t<div class=\"elementor-element elementor-element-f7e3b15 elementor-align-left elementor-widget elementor-widget-button\" data-id=\"f7e3b15\" data-element_type=\"widget\" data-e-type=\"widget\" data-widget_type=\"button.default\">\n\t\t\t\t<div class=\"elementor-widget-container\">\n\t\t\t\t\t\t\t\t\t<div class=\"elementor-button-wrapper\">\n\t\t\t\t\t<a class=\"elementor-button elementor-size-sm\" role=\"button\">\n\t\t\t\t\t\t<span class=\"elementor-button-content-wrapper\">\n\t\t\t\t\t\t\t\t\t<span class=\"elementor-button-text\">Destinatarios<\/span>\n\t\t\t\t\t<\/span>\n\t\t\t\t\t<\/a>\n\t\t\t\t<\/div>\n\t\t\t\t\t\t\t\t<\/div>\n\t\t\t\t<\/div>\n\t\t\t\t<div class=\"elementor-element elementor-element-7ff8bc0 elementor-widget elementor-widget-text-editor\" data-id=\"7ff8bc0\" data-element_type=\"widget\" data-e-type=\"widget\" data-widget_type=\"text-editor.default\">\n\t\t\t\t<div class=\"elementor-widget-container\">\n\t\t\t\t\t\t\t\t\t<p>Graduados con t\u00edtulo universitario de grado del pa\u00eds y del extranjero que tengan como m\u00ednimo una duraci\u00f3n de cuatro (4) a\u00f1os.<\/p>\t\t\t\t\t\t\t\t<\/div>\n\t\t\t\t<\/div>\n\t\t\t\t<div class=\"elementor-element elementor-element-2e29154 elementor-align-left elementor-widget elementor-widget-button\" data-id=\"2e29154\" data-element_type=\"widget\" data-e-type=\"widget\" data-widget_type=\"button.default\">\n\t\t\t\t<div class=\"elementor-widget-container\">\n\t\t\t\t\t\t\t\t\t<div class=\"elementor-button-wrapper\">\n\t\t\t\t\t<a class=\"elementor-button elementor-size-sm\" role=\"button\">\n\t\t\t\t\t\t<span class=\"elementor-button-content-wrapper\">\n\t\t\t\t\t\t\t\t\t<span class=\"elementor-button-text\">Objetivos<\/span>\n\t\t\t\t\t<\/span>\n\t\t\t\t\t<\/a>\n\t\t\t\t<\/div>\n\t\t\t\t\t\t\t\t<\/div>\n\t\t\t\t<\/div>\n\t\t\t\t<div class=\"elementor-element elementor-element-967e4d8 elementor-widget elementor-widget-text-editor\" data-id=\"967e4d8\" data-element_type=\"widget\" data-e-type=\"widget\" data-widget_type=\"text-editor.default\">\n\t\t\t\t<div class=\"elementor-widget-container\">\n\t\t\t\t\t\t\t\t\t<p>La Carrera de Posgrado de Especializaci\u00f3n en Estudios Socioecon\u00f3micos Latinoamericanos tiene como prop\u00f3sito contribuir a la formaci\u00f3n de especialistas que comprendan y analicen la realidad desde una perspectiva te\u00f3rica del pensamiento cr\u00edtico latinoamericano, profundizando el proceso de fortalecimiento de la actividad docente e investigativa, con abordajes interdisciplinarios y hol\u00edsticos.<\/p>\t\t\t\t\t\t\t\t<\/div>\n\t\t\t\t<\/div>\n\t\t\t\t\t<\/div>\n\t\t<\/div>\n\t\t\t\t\t<\/div>\n\t\t<\/section>\n\t\t\t\t\t<\/div>\n\t\t<\/div>\n\t\t\t\t\t<\/div>\n\t\t<\/section>\n\t\t\t\t<\/div>\n\t\t","protected":false},"excerpt":{"rendered":"<p>Especializaci\u00f3n en Estudios Socioecon\u00f3micos Latinoamericanos M\u00e1s informaci\u00f3n Titulo a otorgar: Especialista en Estudios Socioecon\u00f3micos Latinoamericanos Aprob. CONEAU Acta 492\/18Reconocimiento Ministerial RESFC-2025-477-APN-CONEAU#MCHPlan de estudios 01\/17Reglamento Carrera&hellip;<\/p>\n","protected":false},"author":5,"featured_media":0,"parent":0,"menu_order":0,"comment_status":"closed","ping_status":"closed","template":"","meta":{"om_disable_all_campaigns":false,"_monsterinsights_skip_tracking":false,"_monsterinsights_sitenote_active":false,"_monsterinsights_sitenote_note":"","_monsterinsights_sitenote_category":0,"_uf_show_specific_survey":0,"_uf_disable_surveys":false,"footnotes":""},"class_list":["post-3061","page","type-page","status-publish","hentry"],"yoast_head":"<!-- This site is optimized with the Yoast SEO plugin v27.2 - https:\/\/yoast.com\/product\/yoast-seo-wordpress\/ -->\n<title>EESL - Secretar\u00eda de Investigaci\u00f3n y Posgrado<\/title>\n<meta name=\"robots\" content=\"index, follow, max-snippet:-1, max-image-preview:large, max-video-preview:-1\" \/>\n<link rel=\"canonical\" href=\"https:\/\/iyp.fcejs.unsl.edu.ar\/index.php\/eesl\/\" \/>\n<meta property=\"og:locale\" content=\"es_ES\" \/>\n<meta property=\"og:type\" content=\"article\" \/>\n<meta property=\"og:title\" content=\"EESL - Secretar\u00eda de Investigaci\u00f3n y Posgrado\" \/>\n<meta property=\"og:description\" content=\"Especializaci\u00f3n en Estudios Socioecon\u00f3micos Latinoamericanos M\u00e1s informaci\u00f3n Titulo a otorgar: Especialista en Estudios Socioecon\u00f3micos Latinoamericanos Aprob. CONEAU Acta 492\/18Reconocimiento Ministerial RESFC-2025-477-APN-CONEAU#MCHPlan de estudios 01\/17Reglamento Carrera&hellip;\" \/>\n<meta property=\"og:url\" content=\"https:\/\/iyp.fcejs.unsl.edu.ar\/index.php\/eesl\/\" \/>\n<meta property=\"og:site_name\" content=\"Secretar\u00eda de Investigaci\u00f3n y Posgrado\" \/>\n<meta property=\"article:modified_time\" content=\"2025-12-17T16:42:54+00:00\" \/>\n<meta property=\"og:image\" content=\"https:\/\/iyp.fcejs.unsl.edu.ar\/wp-content\/uploads\/2025\/04\/LogoEESL-1.png\" \/>\n\t<meta property=\"og:image:width\" content=\"561\" \/>\n\t<meta property=\"og:image:height\" content=\"513\" \/>\n\t<meta property=\"og:image:type\" content=\"image\/png\" \/>\n<meta name=\"twitter:card\" content=\"summary_large_image\" \/>\n<meta name=\"twitter:label1\" content=\"Tiempo de lectura\" \/>\n\t<meta name=\"twitter:data1\" content=\"1 minuto\" \/>\n<script type=\"application\/ld+json\" class=\"yoast-schema-graph\">{\"@context\":\"https:\/\/schema.org\",\"@graph\":[{\"@type\":\"WebPage\",\"@id\":\"https:\/\/iyp.fcejs.unsl.edu.ar\/index.php\/eesl\/\",\"url\":\"https:\/\/iyp.fcejs.unsl.edu.ar\/index.php\/eesl\/\",\"name\":\"EESL - Secretar\u00eda de Investigaci\u00f3n y Posgrado\",\"isPartOf\":{\"@id\":\"https:\/\/iyp.fcejs.unsl.edu.ar\/#website\"},\"primaryImageOfPage\":{\"@id\":\"https:\/\/iyp.fcejs.unsl.edu.ar\/index.php\/eesl\/#primaryimage\"},\"image\":{\"@id\":\"https:\/\/iyp.fcejs.unsl.edu.ar\/index.php\/eesl\/#primaryimage\"},\"thumbnailUrl\":\"https:\/\/iyp.fcejs.unsl.edu.ar\/wp-content\/uploads\/2025\/04\/LogoEESL-1.png\",\"datePublished\":\"2020-09-10T13:52:51+00:00\",\"dateModified\":\"2025-12-17T16:42:54+00:00\",\"breadcrumb\":{\"@id\":\"https:\/\/iyp.fcejs.unsl.edu.ar\/index.php\/eesl\/#breadcrumb\"},\"inLanguage\":\"es-AR\",\"potentialAction\":[{\"@type\":\"ReadAction\",\"target\":[\"https:\/\/iyp.fcejs.unsl.edu.ar\/index.php\/eesl\/\"]}]},{\"@type\":\"ImageObject\",\"inLanguage\":\"es-AR\",\"@id\":\"https:\/\/iyp.fcejs.unsl.edu.ar\/index.php\/eesl\/#primaryimage\",\"url\":\"https:\/\/iyp.fcejs.unsl.edu.ar\/wp-content\/uploads\/2025\/04\/LogoEESL-1.png\",\"contentUrl\":\"https:\/\/iyp.fcejs.unsl.edu.ar\/wp-content\/uploads\/2025\/04\/LogoEESL-1.png\"},{\"@type\":\"BreadcrumbList\",\"@id\":\"https:\/\/iyp.fcejs.unsl.edu.ar\/index.php\/eesl\/#breadcrumb\",\"itemListElement\":[{\"@type\":\"ListItem\",\"position\":1,\"name\":\"Inicio\",\"item\":\"https:\/\/iyp.fcejs.unsl.edu.ar\/\"},{\"@type\":\"ListItem\",\"position\":2,\"name\":\"EESL\"}]},{\"@type\":\"WebSite\",\"@id\":\"https:\/\/iyp.fcejs.unsl.edu.ar\/#website\",\"url\":\"https:\/\/iyp.fcejs.unsl.edu.ar\/\",\"name\":\"Secretar\u00eda de Investigaci\u00f3n y Posgrado\",\"description\":\"FCEJS - UNSL\",\"publisher\":{\"@id\":\"https:\/\/iyp.fcejs.unsl.edu.ar\/#organization\"},\"potentialAction\":[{\"@type\":\"SearchAction\",\"target\":{\"@type\":\"EntryPoint\",\"urlTemplate\":\"https:\/\/iyp.fcejs.unsl.edu.ar\/?s={search_term_string}\"},\"query-input\":{\"@type\":\"PropertyValueSpecification\",\"valueRequired\":true,\"valueName\":\"search_term_string\"}}],\"inLanguage\":\"es-AR\"},{\"@type\":\"Organization\",\"@id\":\"https:\/\/iyp.fcejs.unsl.edu.ar\/#organization\",\"name\":\"FCEJS - Secretar\u00eda de Investigaci\u00f3n y Posgrado\",\"url\":\"https:\/\/iyp.fcejs.unsl.edu.ar\/\",\"logo\":{\"@type\":\"ImageObject\",\"inLanguage\":\"es-AR\",\"@id\":\"https:\/\/iyp.fcejs.unsl.edu.ar\/#\/schema\/logo\/image\/\",\"url\":\"https:\/\/iyp.fcejs.unsl.edu.ar\/wp-content\/uploads\/2020\/03\/LogoFCEJS.png\",\"contentUrl\":\"https:\/\/iyp.fcejs.unsl.edu.ar\/wp-content\/uploads\/2020\/03\/LogoFCEJS.png\",\"width\":609,\"height\":584,\"caption\":\"FCEJS - Secretar\u00eda de Investigaci\u00f3n y Posgrado\"},\"image\":{\"@id\":\"https:\/\/iyp.fcejs.unsl.edu.ar\/#\/schema\/logo\/image\/\"}}]}<\/script>\n<!-- \/ Yoast SEO plugin. -->","yoast_head_json":{"title":"EESL - Secretar\u00eda de Investigaci\u00f3n y Posgrado","robots":{"index":"index","follow":"follow","max-snippet":"max-snippet:-1","max-image-preview":"max-image-preview:large","max-video-preview":"max-video-preview:-1"},"canonical":"https:\/\/iyp.fcejs.unsl.edu.ar\/index.php\/eesl\/","og_locale":"es_ES","og_type":"article","og_title":"EESL - Secretar\u00eda de Investigaci\u00f3n y Posgrado","og_description":"Especializaci\u00f3n en Estudios Socioecon\u00f3micos Latinoamericanos M\u00e1s informaci\u00f3n Titulo a otorgar: Especialista en Estudios Socioecon\u00f3micos Latinoamericanos Aprob. CONEAU Acta 492\/18Reconocimiento Ministerial RESFC-2025-477-APN-CONEAU#MCHPlan de estudios 01\/17Reglamento Carrera&hellip;","og_url":"https:\/\/iyp.fcejs.unsl.edu.ar\/index.php\/eesl\/","og_site_name":"Secretar\u00eda de Investigaci\u00f3n y Posgrado","article_modified_time":"2025-12-17T16:42:54+00:00","og_image":[{"width":561,"height":513,"url":"https:\/\/iyp.fcejs.unsl.edu.ar\/wp-content\/uploads\/2025\/04\/LogoEESL-1.png","type":"image\/png"}],"twitter_card":"summary_large_image","twitter_misc":{"Tiempo de lectura":"1 minuto"},"schema":{"@context":"https:\/\/schema.org","@graph":[{"@type":"WebPage","@id":"https:\/\/iyp.fcejs.unsl.edu.ar\/index.php\/eesl\/","url":"https:\/\/iyp.fcejs.unsl.edu.ar\/index.php\/eesl\/","name":"EESL - Secretar\u00eda de Investigaci\u00f3n y Posgrado","isPartOf":{"@id":"https:\/\/iyp.fcejs.unsl.edu.ar\/#website"},"primaryImageOfPage":{"@id":"https:\/\/iyp.fcejs.unsl.edu.ar\/index.php\/eesl\/#primaryimage"},"image":{"@id":"https:\/\/iyp.fcejs.unsl.edu.ar\/index.php\/eesl\/#primaryimage"},"thumbnailUrl":"https:\/\/iyp.fcejs.unsl.edu.ar\/wp-content\/uploads\/2025\/04\/LogoEESL-1.png","datePublished":"2020-09-10T13:52:51+00:00","dateModified":"2025-12-17T16:42:54+00:00","breadcrumb":{"@id":"https:\/\/iyp.fcejs.unsl.edu.ar\/index.php\/eesl\/#breadcrumb"},"inLanguage":"es-AR","potentialAction":[{"@type":"ReadAction","target":["https:\/\/iyp.fcejs.unsl.edu.ar\/index.php\/eesl\/"]}]},{"@type":"ImageObject","inLanguage":"es-AR","@id":"https:\/\/iyp.fcejs.unsl.edu.ar\/index.php\/eesl\/#primaryimage","url":"https:\/\/iyp.fcejs.unsl.edu.ar\/wp-content\/uploads\/2025\/04\/LogoEESL-1.png","contentUrl":"https:\/\/iyp.fcejs.unsl.edu.ar\/wp-content\/uploads\/2025\/04\/LogoEESL-1.png"},{"@type":"BreadcrumbList","@id":"https:\/\/iyp.fcejs.unsl.edu.ar\/index.php\/eesl\/#breadcrumb","itemListElement":[{"@type":"ListItem","position":1,"name":"Inicio","item":"https:\/\/iyp.fcejs.unsl.edu.ar\/"},{"@type":"ListItem","position":2,"name":"EESL"}]},{"@type":"WebSite","@id":"https:\/\/iyp.fcejs.unsl.edu.ar\/#website","url":"https:\/\/iyp.fcejs.unsl.edu.ar\/","name":"Secretar\u00eda de Investigaci\u00f3n y Posgrado","description":"FCEJS - UNSL","publisher":{"@id":"https:\/\/iyp.fcejs.unsl.edu.ar\/#organization"},"potentialAction":[{"@type":"SearchAction","target":{"@type":"EntryPoint","urlTemplate":"https:\/\/iyp.fcejs.unsl.edu.ar\/?s={search_term_string}"},"query-input":{"@type":"PropertyValueSpecification","valueRequired":true,"valueName":"search_term_string"}}],"inLanguage":"es-AR"},{"@type":"Organization","@id":"https:\/\/iyp.fcejs.unsl.edu.ar\/#organization","name":"FCEJS - Secretar\u00eda de Investigaci\u00f3n y Posgrado","url":"https:\/\/iyp.fcejs.unsl.edu.ar\/","logo":{"@type":"ImageObject","inLanguage":"es-AR","@id":"https:\/\/iyp.fcejs.unsl.edu.ar\/#\/schema\/logo\/image\/","url":"https:\/\/iyp.fcejs.unsl.edu.ar\/wp-content\/uploads\/2020\/03\/LogoFCEJS.png","contentUrl":"https:\/\/iyp.fcejs.unsl.edu.ar\/wp-content\/uploads\/2020\/03\/LogoFCEJS.png","width":609,"height":584,"caption":"FCEJS - Secretar\u00eda de Investigaci\u00f3n y Posgrado"},"image":{"@id":"https:\/\/iyp.fcejs.unsl.edu.ar\/#\/schema\/logo\/image\/"}}]}},"_links":{"self":[{"href":"https:\/\/iyp.fcejs.unsl.edu.ar\/index.php\/wp-json\/wp\/v2\/pages\/3061","targetHints":{"allow":["GET"]}}],"collection":[{"href":"https:\/\/iyp.fcejs.unsl.edu.ar\/index.php\/wp-json\/wp\/v2\/pages"}],"about":[{"href":"https:\/\/iyp.fcejs.unsl.edu.ar\/index.php\/wp-json\/wp\/v2\/types\/page"}],"author":[{"embeddable":true,"href":"https:\/\/iyp.fcejs.unsl.edu.ar\/index.php\/wp-json\/wp\/v2\/users\/5"}],"replies":[{"embeddable":true,"href":"https:\/\/iyp.fcejs.unsl.edu.ar\/index.php\/wp-json\/wp\/v2\/comments?post=3061"}],"version-history":[{"count":9,"href":"https:\/\/iyp.fcejs.unsl.edu.ar\/index.php\/wp-json\/wp\/v2\/pages\/3061\/revisions"}],"predecessor-version":[{"id":3842,"href":"https:\/\/iyp.fcejs.unsl.edu.ar\/index.php\/wp-json\/wp\/v2\/pages\/3061\/revisions\/3842"}],"wp:attachment":[{"href":"https:\/\/iyp.fcejs.unsl.edu.ar\/index.php\/wp-json\/wp\/v2\/media?parent=3061"}],"curies":[{"name":"wp","href":"https:\/\/api.w.org\/{rel}","templated":true}]}}