{"id":3402,"date":"2023-06-30T08:46:41","date_gmt":"2023-06-30T11:46:41","guid":{"rendered":"http:\/\/10.101.10.197\/iyp\/?page_id=3402"},"modified":"2023-06-30T08:48:42","modified_gmt":"2023-06-30T11:48:42","slug":"novedades","status":"publish","type":"page","link":"https:\/\/iyp.fcejs.unsl.edu.ar\/index.php\/novedades\/","title":{"rendered":"Novedades"},"content":{"rendered":"\t\t<div data-elementor-type=\"wp-post\" data-elementor-id=\"3402\" class=\"elementor elementor-3402\">\n\t\t\t\t\t\t<section class=\"elementor-section elementor-top-section elementor-element elementor-element-8456b45 elementor-section-content-top elementor-section-boxed elementor-section-height-default elementor-section-height-default\" data-id=\"8456b45\" data-element_type=\"section\" data-e-type=\"section\">\n\t\t\t\t\t\t<div class=\"elementor-container elementor-column-gap-default\">\n\t\t\t\t\t<div class=\"elementor-column elementor-col-100 elementor-top-column elementor-element elementor-element-a752a8d\" data-id=\"a752a8d\" data-element_type=\"column\" data-e-type=\"column\">\n\t\t\t<div class=\"elementor-widget-wrap elementor-element-populated\">\n\t\t\t\t\t\t<div class=\"elementor-element elementor-element-ecffd21 elementor-widget-divider--view-line elementor-widget elementor-widget-divider\" data-id=\"ecffd21\" data-element_type=\"widget\" data-e-type=\"widget\" data-widget_type=\"divider.default\">\n\t\t\t\t<div class=\"elementor-widget-container\">\n\t\t\t\t\t\t\t<div class=\"elementor-divider\">\n\t\t\t<span class=\"elementor-divider-separator\">\n\t\t\t\t\t\t<\/span>\n\t\t<\/div>\n\t\t\t\t\t\t<\/div>\n\t\t\t\t<\/div>\n\t\t\t\t<div class=\"elementor-element elementor-element-ecc4b9f elementor-widget elementor-widget-shortcode\" data-id=\"ecc4b9f\" data-element_type=\"widget\" data-e-type=\"widget\" data-widget_type=\"shortcode.default\">\n\t\t\t\t<div class=\"elementor-widget-container\">\n\t\t\t\t\t\t\t<div class=\"elementor-shortcode\">\r\n\t\t<div class=\"sp_wpspwpost_static wpspw-design-2 wpspw-grid-3 wpspw-clearfix \">\r\n\r\n\t\t\t\r\n<div class=\"wpspw-post-grid wpspw-medium-4 wpspw-columns first\">\r\n\t<div class=\"wpspw-post-grid-content  \">\r\n\r\n\t\t\t\t\t<div class=\"wpspw-post-image-bg\">\r\n\t\t\t\t<a href=\"https:\/\/iyp.fcejs.unsl.edu.ar\/index.php\/inscripciones-abiertas-4\/\">\r\n\t\t\t\t\t<img decoding=\"async\" src=\"https:\/\/iyp.fcejs.unsl.edu.ar\/wp-content\/uploads\/2025\/09\/PLACA-WEB-curso-trabajo-final-posgrado-2025-1.jpg\" alt=\"INSCRIPCIONES ABIERTAS!\" \/>\r\n\t\t\t\t<\/a>\r\n\t\t\t\t\t\t\t\t\t<div class=\"wpspw-post-date\">\r\n\t\t\t\t\t\t09\/09\/2025\t\t\t\t\t<\/div>\r\n\t\t\t\t\t\t\t<\/div>\r\n\t\t\r\n\t\t<div class=\"wpspw-post-details-wrapper\">\r\n\t\t\t\r\n\t\t\t<h2 class=\"wpspw-post-title\">\r\n\t\t\t\t<a href=\"https:\/\/iyp.fcejs.unsl.edu.ar\/index.php\/inscripciones-abiertas-4\/\">INSCRIPCIONES ABIERTAS!<\/a>\r\n\t\t\t<\/h2>\r\n\r\n\t\t\t\t\t\t\t<div class=\"wpspw-post-content\">\r\n\t\t\t\t\t\t\t\t\t\t\t<div><\/div>\r\n\t\t\t\t\t\t<a class=\"wpspw-readmorebtn\" href=\"https:\/\/iyp.fcejs.unsl.edu.ar\/index.php\/inscripciones-abiertas-4\/\">Read More<\/a>\r\n\t\t\t\t\t\t\t\t\t\t<\/div>\r\n\t\t\t\t\t<\/div>\r\n\t<\/div>\r\n<\/div>\r\n<div class=\"wpspw-post-grid wpspw-medium-4 wpspw-columns \">\r\n\t<div class=\"wpspw-post-grid-content  \">\r\n\r\n\t\t\t\t\t<div class=\"wpspw-post-image-bg\">\r\n\t\t\t\t<a href=\"https:\/\/iyp.fcejs.unsl.edu.ar\/index.php\/proximos-cursos-de-posgrado\/\">\r\n\t\t\t\t\t<img decoding=\"async\" src=\"https:\/\/iyp.fcejs.unsl.edu.ar\/wp-content\/uploads\/2025\/09\/logistica-front.jpg\" alt=\"PROXIMOS CURSOS DE POSGRADO\" \/>\r\n\t\t\t\t<\/a>\r\n\t\t\t\t\t\t\t\t\t<div class=\"wpspw-post-date\">\r\n\t\t\t\t\t\t09\/09\/2025\t\t\t\t\t<\/div>\r\n\t\t\t\t\t\t\t<\/div>\r\n\t\t\r\n\t\t<div class=\"wpspw-post-details-wrapper\">\r\n\t\t\t\r\n\t\t\t<h2 class=\"wpspw-post-title\">\r\n\t\t\t\t<a href=\"https:\/\/iyp.fcejs.unsl.edu.ar\/index.php\/proximos-cursos-de-posgrado\/\">PROXIMOS CURSOS DE POSGRADO<\/a>\r\n\t\t\t<\/h2>\r\n\r\n\t\t\t\t\t\t\t<div class=\"wpspw-post-content\">\r\n\t\t\t\t\t\t\t\t\t\t\t<div><\/div>\r\n\t\t\t\t\t\t<a class=\"wpspw-readmorebtn\" href=\"https:\/\/iyp.fcejs.unsl.edu.ar\/index.php\/proximos-cursos-de-posgrado\/\">Read More<\/a>\r\n\t\t\t\t\t\t\t\t\t\t<\/div>\r\n\t\t\t\t\t<\/div>\r\n\t<\/div>\r\n<\/div>\r\n<div class=\"wpspw-post-grid wpspw-medium-4 wpspw-columns \">\r\n\t<div class=\"wpspw-post-grid-content  \">\r\n\r\n\t\t\t\t\t<div class=\"wpspw-post-image-bg\">\r\n\t\t\t\t<a href=\"https:\/\/iyp.fcejs.unsl.edu.ar\/index.php\/abren-las-postulaciones-al-doctorado-en-ciencias-sociales-de-la-unsl\/\">\r\n\t\t\t\t\t<img decoding=\"async\" src=\"https:\/\/iyp.fcejs.unsl.edu.ar\/wp-content\/uploads\/2025\/05\/DoctoradoCS.jpg\" alt=\"Abren las postulaciones al Doctorado en Ciencias Sociales de la UNSL\" \/>\r\n\t\t\t\t<\/a>\r\n\t\t\t\t\t\t\t\t\t<div class=\"wpspw-post-date\">\r\n\t\t\t\t\t\t09\/09\/2025\t\t\t\t\t<\/div>\r\n\t\t\t\t\t\t\t<\/div>\r\n\t\t\r\n\t\t<div class=\"wpspw-post-details-wrapper\">\r\n\t\t\t\r\n\t\t\t<h2 class=\"wpspw-post-title\">\r\n\t\t\t\t<a href=\"https:\/\/iyp.fcejs.unsl.edu.ar\/index.php\/abren-las-postulaciones-al-doctorado-en-ciencias-sociales-de-la-unsl\/\">Abren las postulaciones al Doctorado en Ciencias Sociales de la UNSL<\/a>\r\n\t\t\t<\/h2>\r\n\r\n\t\t\t\t\t\t\t<div class=\"wpspw-post-content\">\r\n\t\t\t\t\t\t\t\t\t\t\t<div>a Secretar\u00eda de Investigaci\u00f3n y Posgrado de la FCEJS&nbsp;informa que la apertura de postulaciones al&nbsp;Doctorado en Ciencias Sociales&nbsp;\u2013&nbsp;FCEJS | FCH...<\/div>\r\n\t\t\t\t\t\t<a class=\"wpspw-readmorebtn\" href=\"https:\/\/iyp.fcejs.unsl.edu.ar\/index.php\/abren-las-postulaciones-al-doctorado-en-ciencias-sociales-de-la-unsl\/\">Read More<\/a>\r\n\t\t\t\t\t\t\t\t\t\t<\/div>\r\n\t\t\t\t\t<\/div>\r\n\t<\/div>\r\n<\/div>\r\n<div class=\"wpspw-post-grid wpspw-medium-4 wpspw-columns first\">\r\n\t<div class=\"wpspw-post-grid-content  \">\r\n\r\n\t\t\t\t\t<div class=\"wpspw-post-image-bg\">\r\n\t\t\t\t<a href=\"https:\/\/iyp.fcejs.unsl.edu.ar\/index.php\/convocatoria-pi-unsl-2026-reunion-informativa-y-de-capacitacion-tecnica\/\">\r\n\t\t\t\t\t<img decoding=\"async\" src=\"https:\/\/iyp.fcejs.unsl.edu.ar\/wp-content\/uploads\/2025\/06\/pi-unsl-front.jpg\" alt=\"Convocatoria PI UNSL 2026: reuni\u00f3n informativa y de capacitaci\u00f3n t\u00e9cnica\" \/>\r\n\t\t\t\t<\/a>\r\n\t\t\t\t\t\t\t\t\t<div class=\"wpspw-post-date\">\r\n\t\t\t\t\t\t05\/06\/2025\t\t\t\t\t<\/div>\r\n\t\t\t\t\t\t\t<\/div>\r\n\t\t\r\n\t\t<div class=\"wpspw-post-details-wrapper\">\r\n\t\t\t\r\n\t\t\t<h2 class=\"wpspw-post-title\">\r\n\t\t\t\t<a href=\"https:\/\/iyp.fcejs.unsl.edu.ar\/index.php\/convocatoria-pi-unsl-2026-reunion-informativa-y-de-capacitacion-tecnica\/\">Convocatoria PI UNSL 2026: reuni\u00f3n informativa y de capacitaci\u00f3n t\u00e9cnica<\/a>\r\n\t\t\t<\/h2>\r\n\r\n\t\t\t\t\t\t\t<div class=\"wpspw-post-content\">\r\n\t\t\t\t\t\t\t\t\t\t\t<div>La brindar\u00e1 el Secretario de C y T Dr Fabricio Cid. Ser\u00e1 el\u00a0lunes 9 de junio, a partir de las\u00a010:00...<\/div>\r\n\t\t\t\t\t\t<a class=\"wpspw-readmorebtn\" href=\"https:\/\/iyp.fcejs.unsl.edu.ar\/index.php\/convocatoria-pi-unsl-2026-reunion-informativa-y-de-capacitacion-tecnica\/\">Read More<\/a>\r\n\t\t\t\t\t\t\t\t\t\t<\/div>\r\n\t\t\t\t\t<\/div>\r\n\t<\/div>\r\n<\/div>\r\n<div class=\"wpspw-post-grid wpspw-medium-4 wpspw-columns \">\r\n\t<div class=\"wpspw-post-grid-content  \">\r\n\r\n\t\t\t\t\t<div class=\"wpspw-post-image-bg\">\r\n\t\t\t\t<a href=\"https:\/\/iyp.fcejs.unsl.edu.ar\/index.php\/inscriciones-abiertas\/\">\r\n\t\t\t\t\t<img decoding=\"async\" src=\"https:\/\/iyp.fcejs.unsl.edu.ar\/wp-content\/uploads\/2025\/06\/PLACA-WEBcurso-de-posgrado-jovenes-2048x1152-1.jpg\" alt=\"Inscripciones Abiertas!\" \/>\r\n\t\t\t\t<\/a>\r\n\t\t\t\t\t\t\t\t\t<div class=\"wpspw-post-date\">\r\n\t\t\t\t\t\t03\/06\/2025\t\t\t\t\t<\/div>\r\n\t\t\t\t\t\t\t<\/div>\r\n\t\t\r\n\t\t<div class=\"wpspw-post-details-wrapper\">\r\n\t\t\t\r\n\t\t\t<h2 class=\"wpspw-post-title\">\r\n\t\t\t\t<a href=\"https:\/\/iyp.fcejs.unsl.edu.ar\/index.php\/inscriciones-abiertas\/\">Inscripciones Abiertas!<\/a>\r\n\t\t\t<\/h2>\r\n\r\n\t\t\t\t\t\t\t<div class=\"wpspw-post-content\">\r\n\t\t\t\t\t\t\t\t\t\t\t<div>M\u00e1s informaci\u00f3n en https:\/\/www.fcejs.unsl.edu.ar\/index.php\/curso-de-posgrado-jovenes-burocracias-estatales-y-derechos-humanos\/<\/div>\r\n\t\t\t\t\t\t<a class=\"wpspw-readmorebtn\" href=\"https:\/\/iyp.fcejs.unsl.edu.ar\/index.php\/inscriciones-abiertas\/\">Read More<\/a>\r\n\t\t\t\t\t\t\t\t\t\t<\/div>\r\n\t\t\t\t\t<\/div>\r\n\t<\/div>\r\n<\/div>\r\n<div class=\"wpspw-post-grid wpspw-medium-4 wpspw-columns \">\r\n\t<div class=\"wpspw-post-grid-content  \">\r\n\r\n\t\t\t\t\t<div class=\"wpspw-post-image-bg\">\r\n\t\t\t\t<a href=\"https:\/\/iyp.fcejs.unsl.edu.ar\/index.php\/la-docente-sonia-nancy-pereyra-nueva-doctora-en-educacion\/\">\r\n\t\t\t\t\t<img decoding=\"async\" src=\"https:\/\/iyp.fcejs.unsl.edu.ar\/wp-content\/uploads\/2025\/06\/sonia-pereyra-front.jpg\" alt=\"La Docente  Sonia Nancy Pereyra nueva Doctora en Educaci\u00f3n\" \/>\r\n\t\t\t\t<\/a>\r\n\t\t\t\t\t\t\t\t\t<div class=\"wpspw-post-date\">\r\n\t\t\t\t\t\t03\/06\/2025\t\t\t\t\t<\/div>\r\n\t\t\t\t\t\t\t<\/div>\r\n\t\t\r\n\t\t<div class=\"wpspw-post-details-wrapper\">\r\n\t\t\t\r\n\t\t\t<h2 class=\"wpspw-post-title\">\r\n\t\t\t\t<a href=\"https:\/\/iyp.fcejs.unsl.edu.ar\/index.php\/la-docente-sonia-nancy-pereyra-nueva-doctora-en-educacion\/\">La Docente  Sonia Nancy Pereyra nueva Doctora en Educaci\u00f3n<\/a>\r\n\t\t\t<\/h2>\r\n\r\n\t\t\t\t\t\t\t<div class=\"wpspw-post-content\">\r\n\t\t\t\t\t\t\t\t\t\t\t<div><\/div>\r\n\t\t\t\t\t\t<a class=\"wpspw-readmorebtn\" href=\"https:\/\/iyp.fcejs.unsl.edu.ar\/index.php\/la-docente-sonia-nancy-pereyra-nueva-doctora-en-educacion\/\">Read More<\/a>\r\n\t\t\t\t\t\t\t\t\t\t<\/div>\r\n\t\t\t\t\t<\/div>\r\n\t<\/div>\r\n<\/div>\r\n<div class=\"wpspw-post-grid wpspw-medium-4 wpspw-columns first\">\r\n\t<div class=\"wpspw-post-grid-content  \">\r\n\r\n\t\t\t\t\t<div class=\"wpspw-post-image-bg\">\r\n\t\t\t\t<a href=\"https:\/\/iyp.fcejs.unsl.edu.ar\/index.php\/maria-belen-solares-dominguez-nueva-magister-en-economia-y-negocios\/\">\r\n\t\t\t\t\t<img decoding=\"async\" src=\"https:\/\/iyp.fcejs.unsl.edu.ar\/wp-content\/uploads\/2025\/06\/Maria-Belen-Solares-Dominguez-posgrado-front.jpg\" alt=\"Mar\u00eda Bel\u00e9n Solares Dom\u00ednguez nueva Mag\u00edster en Econom\u00eda y Negocios\" \/>\r\n\t\t\t\t<\/a>\r\n\t\t\t\t\t\t\t\t\t<div class=\"wpspw-post-date\">\r\n\t\t\t\t\t\t03\/06\/2025\t\t\t\t\t<\/div>\r\n\t\t\t\t\t\t\t<\/div>\r\n\t\t\r\n\t\t<div class=\"wpspw-post-details-wrapper\">\r\n\t\t\t\r\n\t\t\t<h2 class=\"wpspw-post-title\">\r\n\t\t\t\t<a href=\"https:\/\/iyp.fcejs.unsl.edu.ar\/index.php\/maria-belen-solares-dominguez-nueva-magister-en-economia-y-negocios\/\">Mar\u00eda Bel\u00e9n Solares Dom\u00ednguez nueva Mag\u00edster en Econom\u00eda y Negocios<\/a>\r\n\t\t\t<\/h2>\r\n\r\n\t\t\t\t\t\t\t<div class=\"wpspw-post-content\">\r\n\t\t\t\t\t\t\t\t\t\t\t<div><\/div>\r\n\t\t\t\t\t\t<a class=\"wpspw-readmorebtn\" href=\"https:\/\/iyp.fcejs.unsl.edu.ar\/index.php\/maria-belen-solares-dominguez-nueva-magister-en-economia-y-negocios\/\">Read More<\/a>\r\n\t\t\t\t\t\t\t\t\t\t<\/div>\r\n\t\t\t\t\t<\/div>\r\n\t<\/div>\r\n<\/div>\r\n<div class=\"wpspw-post-grid wpspw-medium-4 wpspw-columns \">\r\n\t<div class=\"wpspw-post-grid-content  \">\r\n\r\n\t\t\t\t\t<div class=\"wpspw-post-image-bg\">\r\n\t\t\t\t<a href=\"https:\/\/iyp.fcejs.unsl.edu.ar\/index.php\/curso-de-posgrado\/\">\r\n\t\t\t\t\t<img decoding=\"async\" src=\"https:\/\/iyp.fcejs.unsl.edu.ar\/wp-content\/uploads\/2025\/05\/PLACA-WEBPROCESO-DE-FORMULACION-PROSUPUESTARIA-PUBLICA-front02.jpg\" alt=\"Curso de Posgrado: El proceso de formulaci\u00f3n presupuestaria p\u00fablica\" \/>\r\n\t\t\t\t<\/a>\r\n\t\t\t\t\t\t\t\t\t<div class=\"wpspw-post-date\">\r\n\t\t\t\t\t\t15\/05\/2025\t\t\t\t\t<\/div>\r\n\t\t\t\t\t\t\t<\/div>\r\n\t\t\r\n\t\t<div class=\"wpspw-post-details-wrapper\">\r\n\t\t\t\r\n\t\t\t<h2 class=\"wpspw-post-title\">\r\n\t\t\t\t<a href=\"https:\/\/iyp.fcejs.unsl.edu.ar\/index.php\/curso-de-posgrado\/\">Curso de Posgrado: El proceso de formulaci\u00f3n presupuestaria p\u00fablica<\/a>\r\n\t\t\t<\/h2>\r\n\r\n\t\t\t\t\t\t\t<div class=\"wpspw-post-content\">\r\n\t\t\t\t\t\t\t\t\t\t\t<div><\/div>\r\n\t\t\t\t\t\t<a class=\"wpspw-readmorebtn\" href=\"https:\/\/iyp.fcejs.unsl.edu.ar\/index.php\/curso-de-posgrado\/\">Read More<\/a>\r\n\t\t\t\t\t\t\t\t\t\t<\/div>\r\n\t\t\t\t\t<\/div>\r\n\t<\/div>\r\n<\/div>\r\n<div class=\"wpspw-post-grid wpspw-medium-4 wpspw-columns \">\r\n\t<div class=\"wpspw-post-grid-content  \">\r\n\r\n\t\t\t\t\t<div class=\"wpspw-post-image-bg\">\r\n\t\t\t\t<a href=\"https:\/\/iyp.fcejs.unsl.edu.ar\/index.php\/curso-de-posgrado-tres-desafios-epistemologicos-del-profesorado\/\">\r\n\t\t\t\t\t<img decoding=\"async\" src=\"https:\/\/iyp.fcejs.unsl.edu.ar\/wp-content\/uploads\/2025\/05\/flyerevaluacion-CHATGPT.jpg\" alt=\"Curso de Posgrado: Tres Desaf\u00edos Epistemol\u00f3gicos del Profesorado\" \/>\r\n\t\t\t\t<\/a>\r\n\t\t\t\t\t\t\t\t\t<div class=\"wpspw-post-date\">\r\n\t\t\t\t\t\t08\/05\/2025\t\t\t\t\t<\/div>\r\n\t\t\t\t\t\t\t<\/div>\r\n\t\t\r\n\t\t<div class=\"wpspw-post-details-wrapper\">\r\n\t\t\t\r\n\t\t\t<h2 class=\"wpspw-post-title\">\r\n\t\t\t\t<a href=\"https:\/\/iyp.fcejs.unsl.edu.ar\/index.php\/curso-de-posgrado-tres-desafios-epistemologicos-del-profesorado\/\">Curso de Posgrado: Tres Desaf\u00edos Epistemol\u00f3gicos del Profesorado<\/a>\r\n\t\t\t<\/h2>\r\n\r\n\t\t\t\t\t\t\t<div class=\"wpspw-post-content\">\r\n\t\t\t\t\t\t\t\t\t\t\t<div><\/div>\r\n\t\t\t\t\t\t<a class=\"wpspw-readmorebtn\" href=\"https:\/\/iyp.fcejs.unsl.edu.ar\/index.php\/curso-de-posgrado-tres-desafios-epistemologicos-del-profesorado\/\">Read More<\/a>\r\n\t\t\t\t\t\t\t\t\t\t<\/div>\r\n\t\t\t\t\t<\/div>\r\n\t<\/div>\r\n<\/div>\r\n\t\t\t\t\t\t\t<div class=\"wpspw_pagination wpspw-numeric wpspw-clearfix\">\r\n\t\t\t\t\t<span aria-current=\"page\" class=\"page-numbers current\">1<\/span>\n<a class=\"page-numbers\" href=\"https:\/\/iyp.fcejs.unsl.edu.ar\/index.php\/wp-json\/wp\/v2\/pages\/3402\/page\/2\/\">2<\/a>\n<a class=\"page-numbers\" href=\"https:\/\/iyp.fcejs.unsl.edu.ar\/index.php\/wp-json\/wp\/v2\/pages\/3402\/page\/3\/\">3<\/a>\n<span class=\"page-numbers dots\">&hellip;<\/span>\n<a class=\"page-numbers\" href=\"https:\/\/iyp.fcejs.unsl.edu.ar\/index.php\/wp-json\/wp\/v2\/pages\/3402\/page\/16\/\">16<\/a>\n<a class=\"next page-numbers\" href=\"https:\/\/iyp.fcejs.unsl.edu.ar\/index.php\/wp-json\/wp\/v2\/pages\/3402\/page\/2\/\">Next &raquo;<\/a>\t\t\t\t<\/div>\r\n\t\t\t\t\t<\/div>\r\n\r\n\t<\/div>\n\t\t\t\t\t\t<\/div>\n\t\t\t\t<\/div>\n\t\t\t\t\t<\/div>\n\t\t<\/div>\n\t\t\t\t\t<\/div>\n\t\t<\/section>\n\t\t\t\t<\/div>\n\t\t","protected":false},"excerpt":{"rendered":"","protected":false},"author":5,"featured_media":0,"parent":0,"menu_order":0,"comment_status":"closed","ping_status":"closed","template":"","meta":{"om_disable_all_campaigns":false,"_monsterinsights_skip_tracking":false,"_monsterinsights_sitenote_active":false,"_monsterinsights_sitenote_note":"","_monsterinsights_sitenote_category":0,"_uf_show_specific_survey":0,"_uf_disable_surveys":false,"footnotes":""},"class_list":["post-3402","page","type-page","status-publish","hentry"],"yoast_head":"<!-- This site is optimized with the Yoast SEO plugin v27.2 - https:\/\/yoast.com\/product\/yoast-seo-wordpress\/ -->\n<title>Novedades - Secretar\u00eda de Investigaci\u00f3n y Posgrado<\/title>\n<meta name=\"robots\" content=\"index, follow, max-snippet:-1, max-image-preview:large, max-video-preview:-1\" \/>\n<link rel=\"canonical\" href=\"https:\/\/iyp.fcejs.unsl.edu.ar\/index.php\/novedades\/\" \/>\n<meta property=\"og:locale\" content=\"es_ES\" \/>\n<meta property=\"og:type\" content=\"article\" \/>\n<meta property=\"og:title\" content=\"Novedades - Secretar\u00eda de Investigaci\u00f3n y Posgrado\" \/>\n<meta property=\"og:url\" content=\"https:\/\/iyp.fcejs.unsl.edu.ar\/index.php\/novedades\/\" \/>\n<meta property=\"og:site_name\" content=\"Secretar\u00eda de Investigaci\u00f3n y Posgrado\" \/>\n<meta property=\"article:modified_time\" content=\"2023-06-30T11:48:42+00:00\" \/>\n<meta name=\"twitter:card\" content=\"summary_large_image\" \/>\n<meta name=\"twitter:label1\" content=\"Tiempo de lectura\" \/>\n\t<meta name=\"twitter:data1\" content=\"3 minutos\" \/>\n<script type=\"application\/ld+json\" class=\"yoast-schema-graph\">{\"@context\":\"https:\/\/schema.org\",\"@graph\":[{\"@type\":\"WebPage\",\"@id\":\"https:\/\/iyp.fcejs.unsl.edu.ar\/index.php\/novedades\/\",\"url\":\"https:\/\/iyp.fcejs.unsl.edu.ar\/index.php\/novedades\/\",\"name\":\"Novedades - Secretar\u00eda de Investigaci\u00f3n y Posgrado\",\"isPartOf\":{\"@id\":\"https:\/\/iyp.fcejs.unsl.edu.ar\/#website\"},\"datePublished\":\"2023-06-30T11:46:41+00:00\",\"dateModified\":\"2023-06-30T11:48:42+00:00\",\"breadcrumb\":{\"@id\":\"https:\/\/iyp.fcejs.unsl.edu.ar\/index.php\/novedades\/#breadcrumb\"},\"inLanguage\":\"es-AR\",\"potentialAction\":[{\"@type\":\"ReadAction\",\"target\":[\"https:\/\/iyp.fcejs.unsl.edu.ar\/index.php\/novedades\/\"]}]},{\"@type\":\"BreadcrumbList\",\"@id\":\"https:\/\/iyp.fcejs.unsl.edu.ar\/index.php\/novedades\/#breadcrumb\",\"itemListElement\":[{\"@type\":\"ListItem\",\"position\":1,\"name\":\"Inicio\",\"item\":\"https:\/\/iyp.fcejs.unsl.edu.ar\/\"},{\"@type\":\"ListItem\",\"position\":2,\"name\":\"Novedades\"}]},{\"@type\":\"WebSite\",\"@id\":\"https:\/\/iyp.fcejs.unsl.edu.ar\/#website\",\"url\":\"https:\/\/iyp.fcejs.unsl.edu.ar\/\",\"name\":\"Secretar\u00eda de Investigaci\u00f3n y Posgrado\",\"description\":\"FCEJS - UNSL\",\"publisher\":{\"@id\":\"https:\/\/iyp.fcejs.unsl.edu.ar\/#organization\"},\"potentialAction\":[{\"@type\":\"SearchAction\",\"target\":{\"@type\":\"EntryPoint\",\"urlTemplate\":\"https:\/\/iyp.fcejs.unsl.edu.ar\/?s={search_term_string}\"},\"query-input\":{\"@type\":\"PropertyValueSpecification\",\"valueRequired\":true,\"valueName\":\"search_term_string\"}}],\"inLanguage\":\"es-AR\"},{\"@type\":\"Organization\",\"@id\":\"https:\/\/iyp.fcejs.unsl.edu.ar\/#organization\",\"name\":\"FCEJS - Secretar\u00eda de Investigaci\u00f3n y Posgrado\",\"url\":\"https:\/\/iyp.fcejs.unsl.edu.ar\/\",\"logo\":{\"@type\":\"ImageObject\",\"inLanguage\":\"es-AR\",\"@id\":\"https:\/\/iyp.fcejs.unsl.edu.ar\/#\/schema\/logo\/image\/\",\"url\":\"https:\/\/iyp.fcejs.unsl.edu.ar\/wp-content\/uploads\/2020\/03\/LogoFCEJS.png\",\"contentUrl\":\"https:\/\/iyp.fcejs.unsl.edu.ar\/wp-content\/uploads\/2020\/03\/LogoFCEJS.png\",\"width\":609,\"height\":584,\"caption\":\"FCEJS - Secretar\u00eda de Investigaci\u00f3n y Posgrado\"},\"image\":{\"@id\":\"https:\/\/iyp.fcejs.unsl.edu.ar\/#\/schema\/logo\/image\/\"}}]}<\/script>\n<!-- \/ Yoast SEO plugin. -->","yoast_head_json":{"title":"Novedades - Secretar\u00eda de Investigaci\u00f3n y Posgrado","robots":{"index":"index","follow":"follow","max-snippet":"max-snippet:-1","max-image-preview":"max-image-preview:large","max-video-preview":"max-video-preview:-1"},"canonical":"https:\/\/iyp.fcejs.unsl.edu.ar\/index.php\/novedades\/","og_locale":"es_ES","og_type":"article","og_title":"Novedades - Secretar\u00eda de Investigaci\u00f3n y Posgrado","og_url":"https:\/\/iyp.fcejs.unsl.edu.ar\/index.php\/novedades\/","og_site_name":"Secretar\u00eda de Investigaci\u00f3n y Posgrado","article_modified_time":"2023-06-30T11:48:42+00:00","twitter_card":"summary_large_image","twitter_misc":{"Tiempo de lectura":"3 minutos"},"schema":{"@context":"https:\/\/schema.org","@graph":[{"@type":"WebPage","@id":"https:\/\/iyp.fcejs.unsl.edu.ar\/index.php\/novedades\/","url":"https:\/\/iyp.fcejs.unsl.edu.ar\/index.php\/novedades\/","name":"Novedades - Secretar\u00eda de Investigaci\u00f3n y Posgrado","isPartOf":{"@id":"https:\/\/iyp.fcejs.unsl.edu.ar\/#website"},"datePublished":"2023-06-30T11:46:41+00:00","dateModified":"2023-06-30T11:48:42+00:00","breadcrumb":{"@id":"https:\/\/iyp.fcejs.unsl.edu.ar\/index.php\/novedades\/#breadcrumb"},"inLanguage":"es-AR","potentialAction":[{"@type":"ReadAction","target":["https:\/\/iyp.fcejs.unsl.edu.ar\/index.php\/novedades\/"]}]},{"@type":"BreadcrumbList","@id":"https:\/\/iyp.fcejs.unsl.edu.ar\/index.php\/novedades\/#breadcrumb","itemListElement":[{"@type":"ListItem","position":1,"name":"Inicio","item":"https:\/\/iyp.fcejs.unsl.edu.ar\/"},{"@type":"ListItem","position":2,"name":"Novedades"}]},{"@type":"WebSite","@id":"https:\/\/iyp.fcejs.unsl.edu.ar\/#website","url":"https:\/\/iyp.fcejs.unsl.edu.ar\/","name":"Secretar\u00eda de Investigaci\u00f3n y Posgrado","description":"FCEJS - UNSL","publisher":{"@id":"https:\/\/iyp.fcejs.unsl.edu.ar\/#organization"},"potentialAction":[{"@type":"SearchAction","target":{"@type":"EntryPoint","urlTemplate":"https:\/\/iyp.fcejs.unsl.edu.ar\/?s={search_term_string}"},"query-input":{"@type":"PropertyValueSpecification","valueRequired":true,"valueName":"search_term_string"}}],"inLanguage":"es-AR"},{"@type":"Organization","@id":"https:\/\/iyp.fcejs.unsl.edu.ar\/#organization","name":"FCEJS - Secretar\u00eda de Investigaci\u00f3n y Posgrado","url":"https:\/\/iyp.fcejs.unsl.edu.ar\/","logo":{"@type":"ImageObject","inLanguage":"es-AR","@id":"https:\/\/iyp.fcejs.unsl.edu.ar\/#\/schema\/logo\/image\/","url":"https:\/\/iyp.fcejs.unsl.edu.ar\/wp-content\/uploads\/2020\/03\/LogoFCEJS.png","contentUrl":"https:\/\/iyp.fcejs.unsl.edu.ar\/wp-content\/uploads\/2020\/03\/LogoFCEJS.png","width":609,"height":584,"caption":"FCEJS - Secretar\u00eda de Investigaci\u00f3n y Posgrado"},"image":{"@id":"https:\/\/iyp.fcejs.unsl.edu.ar\/#\/schema\/logo\/image\/"}}]}},"_links":{"self":[{"href":"https:\/\/iyp.fcejs.unsl.edu.ar\/index.php\/wp-json\/wp\/v2\/pages\/3402","targetHints":{"allow":["GET"]}}],"collection":[{"href":"https:\/\/iyp.fcejs.unsl.edu.ar\/index.php\/wp-json\/wp\/v2\/pages"}],"about":[{"href":"https:\/\/iyp.fcejs.unsl.edu.ar\/index.php\/wp-json\/wp\/v2\/types\/page"}],"author":[{"embeddable":true,"href":"https:\/\/iyp.fcejs.unsl.edu.ar\/index.php\/wp-json\/wp\/v2\/users\/5"}],"replies":[{"embeddable":true,"href":"https:\/\/iyp.fcejs.unsl.edu.ar\/index.php\/wp-json\/wp\/v2\/comments?post=3402"}],"version-history":[{"count":4,"href":"https:\/\/iyp.fcejs.unsl.edu.ar\/index.php\/wp-json\/wp\/v2\/pages\/3402\/revisions"}],"predecessor-version":[{"id":3406,"href":"https:\/\/iyp.fcejs.unsl.edu.ar\/index.php\/wp-json\/wp\/v2\/pages\/3402\/revisions\/3406"}],"wp:attachment":[{"href":"https:\/\/iyp.fcejs.unsl.edu.ar\/index.php\/wp-json\/wp\/v2\/media?parent=3402"}],"curies":[{"name":"wp","href":"https:\/\/api.w.org\/{rel}","templated":true}]}}