{"id":366,"date":"2018-08-27T11:46:56","date_gmt":"2018-08-27T14:46:56","guid":{"rendered":"http:\/\/10.101.10.197\/iyp\/?page_id=366"},"modified":"2024-12-20T08:50:26","modified_gmt":"2024-12-20T11:50:26","slug":"proyectos-de-investigacion","status":"publish","type":"page","link":"https:\/\/iyp.fcejs.unsl.edu.ar\/index.php\/investigacion\/proyectos-de-investigacion\/","title":{"rendered":"Proyectos de Investigaci\u00f3n"},"content":{"rendered":"\t\t<div data-elementor-type=\"wp-post\" data-elementor-id=\"366\" class=\"elementor elementor-366\">\n\t\t\t\t\t\t<section class=\"elementor-section elementor-top-section elementor-element elementor-element-c543813 elementor-section-boxed elementor-section-height-default elementor-section-height-default\" data-id=\"c543813\" data-element_type=\"section\" data-e-type=\"section\">\n\t\t\t\t\t\t<div class=\"elementor-container elementor-column-gap-default\">\n\t\t\t\t\t<div class=\"elementor-column elementor-col-100 elementor-top-column elementor-element elementor-element-2908322\" data-id=\"2908322\" data-element_type=\"column\" data-e-type=\"column\">\n\t\t\t<div class=\"elementor-widget-wrap elementor-element-populated\">\n\t\t\t\t\t\t<div class=\"elementor-element elementor-element-45b4543 elementor-widget elementor-widget-heading\" data-id=\"45b4543\" data-element_type=\"widget\" data-e-type=\"widget\" data-widget_type=\"heading.default\">\n\t\t\t\t<div class=\"elementor-widget-container\">\n\t\t\t\t\t<h3 class=\"elementor-heading-title elementor-size-default\"><h1 style=\"text-align: center\"><strong><span style=\"color: #808080\">LISTADO DE PROYECTOS DE INVESTIGACI\u00d3N<\/span><\/strong><\/h1><\/h3>\t\t\t\t<\/div>\n\t\t\t\t<\/div>\n\t\t\t\t\t<\/div>\n\t\t<\/div>\n\t\t\t\t\t<\/div>\n\t\t<\/section>\n\t\t\t\t<section class=\"elementor-section elementor-top-section elementor-element elementor-element-6cc1ee3 elementor-section-boxed elementor-section-height-default elementor-section-height-default\" data-id=\"6cc1ee3\" data-element_type=\"section\" data-e-type=\"section\">\n\t\t\t\t\t\t<div class=\"elementor-container elementor-column-gap-default\">\n\t\t\t\t\t<div class=\"elementor-column elementor-col-100 elementor-top-column elementor-element elementor-element-4e94ba0\" data-id=\"4e94ba0\" data-element_type=\"column\" data-e-type=\"column\">\n\t\t\t<div class=\"elementor-widget-wrap elementor-element-populated\">\n\t\t\t\t\t\t<div class=\"elementor-element elementor-element-9b11c1a elementor-widget elementor-widget-toggle\" data-id=\"9b11c1a\" data-element_type=\"widget\" data-e-type=\"widget\" data-widget_type=\"toggle.default\">\n\t\t\t\t<div class=\"elementor-widget-container\">\n\t\t\t\t\t\t\t<div class=\"elementor-toggle\">\n\t\t\t\t\t\t\t<div class=\"elementor-toggle-item\">\n\t\t\t\t\t<div id=\"elementor-tab-title-1621\" class=\"elementor-tab-title\" data-tab=\"1\" role=\"button\" aria-controls=\"elementor-tab-content-1621\" aria-expanded=\"false\">\n\t\t\t\t\t\t\t\t\t\t\t\t<span class=\"elementor-toggle-icon elementor-toggle-icon-left\" aria-hidden=\"true\">\n\t\t\t\t\t\t\t\t\t\t\t\t\t\t\t<span class=\"elementor-toggle-icon-closed\"><i class=\"fas fa-caret-right\"><\/i><\/span>\n\t\t\t\t\t\t\t\t<span class=\"elementor-toggle-icon-opened\"><i class=\"elementor-toggle-icon-opened fas fa-caret-up\"><\/i><\/span>\n\t\t\t\t\t\t\t\t\t\t\t\t\t<\/span>\n\t\t\t\t\t\t\t\t\t\t\t\t<a class=\"elementor-toggle-title\" tabindex=\"0\">EA: Econom\u00eda y Administraci\u00f3n<\/a>\n\t\t\t\t\t<\/div>\n\n\t\t\t\t\t<div id=\"elementor-tab-content-1621\" class=\"elementor-tab-content elementor-clearfix\" data-tab=\"1\" role=\"region\" aria-labelledby=\"elementor-tab-title-1621\"><p><img fetchpriority=\"high\" decoding=\"async\" class=\"alignnone wp-image-3697 size-full\" src=\"https:\/\/iyp.fcejs.unsl.edu.ar\/wp-content\/uploads\/2024\/12\/EA-2024.jpg\" alt=\"\" width=\"961\" height=\"810\" srcset=\"https:\/\/iyp.fcejs.unsl.edu.ar\/wp-content\/uploads\/2024\/12\/EA-2024.jpg 961w, https:\/\/iyp.fcejs.unsl.edu.ar\/wp-content\/uploads\/2024\/12\/EA-2024-300x253.jpg 300w, https:\/\/iyp.fcejs.unsl.edu.ar\/wp-content\/uploads\/2024\/12\/EA-2024-768x647.jpg 768w\" sizes=\"(max-width: 961px) 100vw, 961px\" \/><\/p><\/div>\n\t\t\t\t<\/div>\n\t\t\t\t\t\t\t<div class=\"elementor-toggle-item\">\n\t\t\t\t\t<div id=\"elementor-tab-title-1622\" class=\"elementor-tab-title\" data-tab=\"2\" role=\"button\" aria-controls=\"elementor-tab-content-1622\" aria-expanded=\"false\">\n\t\t\t\t\t\t\t\t\t\t\t\t<span class=\"elementor-toggle-icon elementor-toggle-icon-left\" aria-hidden=\"true\">\n\t\t\t\t\t\t\t\t\t\t\t\t\t\t\t<span class=\"elementor-toggle-icon-closed\"><i class=\"fas fa-caret-right\"><\/i><\/span>\n\t\t\t\t\t\t\t\t<span class=\"elementor-toggle-icon-opened\"><i class=\"elementor-toggle-icon-opened fas fa-caret-up\"><\/i><\/span>\n\t\t\t\t\t\t\t\t\t\t\t\t\t<\/span>\n\t\t\t\t\t\t\t\t\t\t\t\t<a class=\"elementor-toggle-title\" tabindex=\"0\">JP: Jur\u00eddico-Pol\u00edtica<\/a>\n\t\t\t\t\t<\/div>\n\n\t\t\t\t\t<div id=\"elementor-tab-content-1622\" class=\"elementor-tab-content elementor-clearfix\" data-tab=\"2\" role=\"region\" aria-labelledby=\"elementor-tab-title-1622\"><p><img decoding=\"async\" class=\"alignnone wp-image-3698 size-full\" src=\"https:\/\/iyp.fcejs.unsl.edu.ar\/wp-content\/uploads\/2024\/12\/JP-2024.jpg\" alt=\"\" width=\"959\" height=\"402\" srcset=\"https:\/\/iyp.fcejs.unsl.edu.ar\/wp-content\/uploads\/2024\/12\/JP-2024.jpg 959w, https:\/\/iyp.fcejs.unsl.edu.ar\/wp-content\/uploads\/2024\/12\/JP-2024-300x126.jpg 300w, https:\/\/iyp.fcejs.unsl.edu.ar\/wp-content\/uploads\/2024\/12\/JP-2024-768x322.jpg 768w\" sizes=\"(max-width: 959px) 100vw, 959px\" \/><\/p><\/div>\n\t\t\t\t<\/div>\n\t\t\t\t\t\t\t<div class=\"elementor-toggle-item\">\n\t\t\t\t\t<div id=\"elementor-tab-title-1623\" class=\"elementor-tab-title\" data-tab=\"3\" role=\"button\" aria-controls=\"elementor-tab-content-1623\" aria-expanded=\"false\">\n\t\t\t\t\t\t\t\t\t\t\t\t<span class=\"elementor-toggle-icon elementor-toggle-icon-left\" aria-hidden=\"true\">\n\t\t\t\t\t\t\t\t\t\t\t\t\t\t\t<span class=\"elementor-toggle-icon-closed\"><i class=\"fas fa-caret-right\"><\/i><\/span>\n\t\t\t\t\t\t\t\t<span class=\"elementor-toggle-icon-opened\"><i class=\"elementor-toggle-icon-opened fas fa-caret-up\"><\/i><\/span>\n\t\t\t\t\t\t\t\t\t\t\t\t\t<\/span>\n\t\t\t\t\t\t\t\t\t\t\t\t<a class=\"elementor-toggle-title\" tabindex=\"0\">SA: Socio-Antropolog\u00eda<\/a>\n\t\t\t\t\t<\/div>\n\n\t\t\t\t\t<div id=\"elementor-tab-content-1623\" class=\"elementor-tab-content elementor-clearfix\" data-tab=\"3\" role=\"region\" aria-labelledby=\"elementor-tab-title-1623\"><p><img decoding=\"async\" class=\"alignnone wp-image-3699 size-full\" src=\"https:\/\/iyp.fcejs.unsl.edu.ar\/wp-content\/uploads\/2024\/12\/SA-2024.jpg\" alt=\"\" width=\"961\" height=\"1050\" srcset=\"https:\/\/iyp.fcejs.unsl.edu.ar\/wp-content\/uploads\/2024\/12\/SA-2024.jpg 961w, https:\/\/iyp.fcejs.unsl.edu.ar\/wp-content\/uploads\/2024\/12\/SA-2024-275x300.jpg 275w, https:\/\/iyp.fcejs.unsl.edu.ar\/wp-content\/uploads\/2024\/12\/SA-2024-937x1024.jpg 937w, https:\/\/iyp.fcejs.unsl.edu.ar\/wp-content\/uploads\/2024\/12\/SA-2024-768x839.jpg 768w\" sizes=\"(max-width: 961px) 100vw, 961px\" \/><\/p><\/div>\n\t\t\t\t<\/div>\n\t\t\t\t\t\t\t\t<\/div>\n\t\t\t\t\t\t<\/div>\n\t\t\t\t<\/div>\n\t\t\t\t\t<\/div>\n\t\t<\/div>\n\t\t\t\t\t<\/div>\n\t\t<\/section>\n\t\t\t\t<\/div>\n\t\t","protected":false},"excerpt":{"rendered":"<p>LISTADO DE PROYECTOS DE INVESTIGACI\u00d3N EA: Econom\u00eda y Administraci\u00f3n JP: Jur\u00eddico-Pol\u00edtica SA: Socio-Antropolog\u00eda<\/p>\n","protected":false},"author":5,"featured_media":0,"parent":806,"menu_order":0,"comment_status":"closed","ping_status":"closed","template":"","meta":{"om_disable_all_campaigns":false,"_monsterinsights_skip_tracking":false,"_monsterinsights_sitenote_active":false,"_monsterinsights_sitenote_note":"","_monsterinsights_sitenote_category":0,"_uf_show_specific_survey":0,"_uf_disable_surveys":false,"footnotes":""},"class_list":["post-366","page","type-page","status-publish","hentry"],"yoast_head":"<!-- This site is optimized with the Yoast SEO plugin v27.2 - https:\/\/yoast.com\/product\/yoast-seo-wordpress\/ -->\n<title>Proyectos de Investigaci\u00f3n - Secretar\u00eda de Investigaci\u00f3n y Posgrado<\/title>\n<meta name=\"robots\" content=\"index, follow, max-snippet:-1, max-image-preview:large, max-video-preview:-1\" \/>\n<link rel=\"canonical\" href=\"https:\/\/iyp.fcejs.unsl.edu.ar\/index.php\/investigacion\/proyectos-de-investigacion\/\" \/>\n<meta property=\"og:locale\" content=\"es_ES\" \/>\n<meta property=\"og:type\" content=\"article\" \/>\n<meta property=\"og:title\" content=\"Proyectos de Investigaci\u00f3n - Secretar\u00eda de Investigaci\u00f3n y Posgrado\" \/>\n<meta property=\"og:description\" content=\"LISTADO DE PROYECTOS DE INVESTIGACI\u00d3N EA: Econom\u00eda y Administraci\u00f3n JP: Jur\u00eddico-Pol\u00edtica SA: Socio-Antropolog\u00eda\" \/>\n<meta property=\"og:url\" content=\"https:\/\/iyp.fcejs.unsl.edu.ar\/index.php\/investigacion\/proyectos-de-investigacion\/\" \/>\n<meta property=\"og:site_name\" content=\"Secretar\u00eda de Investigaci\u00f3n y Posgrado\" \/>\n<meta property=\"article:modified_time\" content=\"2024-12-20T11:50:26+00:00\" \/>\n<meta property=\"og:image\" content=\"https:\/\/iyp.fcejs.unsl.edu.ar\/wp-content\/uploads\/2024\/12\/EA-2024.jpg\" \/>\n<meta name=\"twitter:card\" content=\"summary_large_image\" \/>\n<meta name=\"twitter:label1\" content=\"Tiempo de lectura\" \/>\n\t<meta name=\"twitter:data1\" content=\"1 minuto\" \/>\n<script type=\"application\/ld+json\" class=\"yoast-schema-graph\">{\"@context\":\"https:\/\/schema.org\",\"@graph\":[{\"@type\":\"WebPage\",\"@id\":\"https:\/\/iyp.fcejs.unsl.edu.ar\/index.php\/investigacion\/proyectos-de-investigacion\/\",\"url\":\"https:\/\/iyp.fcejs.unsl.edu.ar\/index.php\/investigacion\/proyectos-de-investigacion\/\",\"name\":\"Proyectos de Investigaci\u00f3n - Secretar\u00eda de Investigaci\u00f3n y Posgrado\",\"isPartOf\":{\"@id\":\"https:\/\/iyp.fcejs.unsl.edu.ar\/#website\"},\"primaryImageOfPage\":{\"@id\":\"https:\/\/iyp.fcejs.unsl.edu.ar\/index.php\/investigacion\/proyectos-de-investigacion\/#primaryimage\"},\"image\":{\"@id\":\"https:\/\/iyp.fcejs.unsl.edu.ar\/index.php\/investigacion\/proyectos-de-investigacion\/#primaryimage\"},\"thumbnailUrl\":\"https:\/\/iyp.fcejs.unsl.edu.ar\/wp-content\/uploads\/2024\/12\/EA-2024.jpg\",\"datePublished\":\"2018-08-27T14:46:56+00:00\",\"dateModified\":\"2024-12-20T11:50:26+00:00\",\"breadcrumb\":{\"@id\":\"https:\/\/iyp.fcejs.unsl.edu.ar\/index.php\/investigacion\/proyectos-de-investigacion\/#breadcrumb\"},\"inLanguage\":\"es-AR\",\"potentialAction\":[{\"@type\":\"ReadAction\",\"target\":[\"https:\/\/iyp.fcejs.unsl.edu.ar\/index.php\/investigacion\/proyectos-de-investigacion\/\"]}]},{\"@type\":\"ImageObject\",\"inLanguage\":\"es-AR\",\"@id\":\"https:\/\/iyp.fcejs.unsl.edu.ar\/index.php\/investigacion\/proyectos-de-investigacion\/#primaryimage\",\"url\":\"https:\/\/iyp.fcejs.unsl.edu.ar\/wp-content\/uploads\/2024\/12\/EA-2024.jpg\",\"contentUrl\":\"https:\/\/iyp.fcejs.unsl.edu.ar\/wp-content\/uploads\/2024\/12\/EA-2024.jpg\",\"width\":961,\"height\":810},{\"@type\":\"BreadcrumbList\",\"@id\":\"https:\/\/iyp.fcejs.unsl.edu.ar\/index.php\/investigacion\/proyectos-de-investigacion\/#breadcrumb\",\"itemListElement\":[{\"@type\":\"ListItem\",\"position\":1,\"name\":\"Inicio\",\"item\":\"https:\/\/iyp.fcejs.unsl.edu.ar\/\"},{\"@type\":\"ListItem\",\"position\":2,\"name\":\"Investigaci\u00f3n\",\"item\":\"https:\/\/iyp.fcejs.unsl.edu.ar\/index.php\/investigacion\/\"},{\"@type\":\"ListItem\",\"position\":3,\"name\":\"Proyectos de Investigaci\u00f3n\"}]},{\"@type\":\"WebSite\",\"@id\":\"https:\/\/iyp.fcejs.unsl.edu.ar\/#website\",\"url\":\"https:\/\/iyp.fcejs.unsl.edu.ar\/\",\"name\":\"Secretar\u00eda de Investigaci\u00f3n y Posgrado\",\"description\":\"FCEJS - UNSL\",\"publisher\":{\"@id\":\"https:\/\/iyp.fcejs.unsl.edu.ar\/#organization\"},\"potentialAction\":[{\"@type\":\"SearchAction\",\"target\":{\"@type\":\"EntryPoint\",\"urlTemplate\":\"https:\/\/iyp.fcejs.unsl.edu.ar\/?s={search_term_string}\"},\"query-input\":{\"@type\":\"PropertyValueSpecification\",\"valueRequired\":true,\"valueName\":\"search_term_string\"}}],\"inLanguage\":\"es-AR\"},{\"@type\":\"Organization\",\"@id\":\"https:\/\/iyp.fcejs.unsl.edu.ar\/#organization\",\"name\":\"FCEJS - Secretar\u00eda de Investigaci\u00f3n y Posgrado\",\"url\":\"https:\/\/iyp.fcejs.unsl.edu.ar\/\",\"logo\":{\"@type\":\"ImageObject\",\"inLanguage\":\"es-AR\",\"@id\":\"https:\/\/iyp.fcejs.unsl.edu.ar\/#\/schema\/logo\/image\/\",\"url\":\"https:\/\/iyp.fcejs.unsl.edu.ar\/wp-content\/uploads\/2020\/03\/LogoFCEJS.png\",\"contentUrl\":\"https:\/\/iyp.fcejs.unsl.edu.ar\/wp-content\/uploads\/2020\/03\/LogoFCEJS.png\",\"width\":609,\"height\":584,\"caption\":\"FCEJS - Secretar\u00eda de Investigaci\u00f3n y Posgrado\"},\"image\":{\"@id\":\"https:\/\/iyp.fcejs.unsl.edu.ar\/#\/schema\/logo\/image\/\"}}]}<\/script>\n<!-- \/ Yoast SEO plugin. -->","yoast_head_json":{"title":"Proyectos de Investigaci\u00f3n - Secretar\u00eda de Investigaci\u00f3n y Posgrado","robots":{"index":"index","follow":"follow","max-snippet":"max-snippet:-1","max-image-preview":"max-image-preview:large","max-video-preview":"max-video-preview:-1"},"canonical":"https:\/\/iyp.fcejs.unsl.edu.ar\/index.php\/investigacion\/proyectos-de-investigacion\/","og_locale":"es_ES","og_type":"article","og_title":"Proyectos de Investigaci\u00f3n - Secretar\u00eda de Investigaci\u00f3n y Posgrado","og_description":"LISTADO DE PROYECTOS DE INVESTIGACI\u00d3N EA: Econom\u00eda y Administraci\u00f3n JP: Jur\u00eddico-Pol\u00edtica SA: Socio-Antropolog\u00eda","og_url":"https:\/\/iyp.fcejs.unsl.edu.ar\/index.php\/investigacion\/proyectos-de-investigacion\/","og_site_name":"Secretar\u00eda de Investigaci\u00f3n y Posgrado","article_modified_time":"2024-12-20T11:50:26+00:00","og_image":[{"url":"https:\/\/iyp.fcejs.unsl.edu.ar\/wp-content\/uploads\/2024\/12\/EA-2024.jpg","type":"","width":"","height":""}],"twitter_card":"summary_large_image","twitter_misc":{"Tiempo de lectura":"1 minuto"},"schema":{"@context":"https:\/\/schema.org","@graph":[{"@type":"WebPage","@id":"https:\/\/iyp.fcejs.unsl.edu.ar\/index.php\/investigacion\/proyectos-de-investigacion\/","url":"https:\/\/iyp.fcejs.unsl.edu.ar\/index.php\/investigacion\/proyectos-de-investigacion\/","name":"Proyectos de Investigaci\u00f3n - Secretar\u00eda de Investigaci\u00f3n y Posgrado","isPartOf":{"@id":"https:\/\/iyp.fcejs.unsl.edu.ar\/#website"},"primaryImageOfPage":{"@id":"https:\/\/iyp.fcejs.unsl.edu.ar\/index.php\/investigacion\/proyectos-de-investigacion\/#primaryimage"},"image":{"@id":"https:\/\/iyp.fcejs.unsl.edu.ar\/index.php\/investigacion\/proyectos-de-investigacion\/#primaryimage"},"thumbnailUrl":"https:\/\/iyp.fcejs.unsl.edu.ar\/wp-content\/uploads\/2024\/12\/EA-2024.jpg","datePublished":"2018-08-27T14:46:56+00:00","dateModified":"2024-12-20T11:50:26+00:00","breadcrumb":{"@id":"https:\/\/iyp.fcejs.unsl.edu.ar\/index.php\/investigacion\/proyectos-de-investigacion\/#breadcrumb"},"inLanguage":"es-AR","potentialAction":[{"@type":"ReadAction","target":["https:\/\/iyp.fcejs.unsl.edu.ar\/index.php\/investigacion\/proyectos-de-investigacion\/"]}]},{"@type":"ImageObject","inLanguage":"es-AR","@id":"https:\/\/iyp.fcejs.unsl.edu.ar\/index.php\/investigacion\/proyectos-de-investigacion\/#primaryimage","url":"https:\/\/iyp.fcejs.unsl.edu.ar\/wp-content\/uploads\/2024\/12\/EA-2024.jpg","contentUrl":"https:\/\/iyp.fcejs.unsl.edu.ar\/wp-content\/uploads\/2024\/12\/EA-2024.jpg","width":961,"height":810},{"@type":"BreadcrumbList","@id":"https:\/\/iyp.fcejs.unsl.edu.ar\/index.php\/investigacion\/proyectos-de-investigacion\/#breadcrumb","itemListElement":[{"@type":"ListItem","position":1,"name":"Inicio","item":"https:\/\/iyp.fcejs.unsl.edu.ar\/"},{"@type":"ListItem","position":2,"name":"Investigaci\u00f3n","item":"https:\/\/iyp.fcejs.unsl.edu.ar\/index.php\/investigacion\/"},{"@type":"ListItem","position":3,"name":"Proyectos de Investigaci\u00f3n"}]},{"@type":"WebSite","@id":"https:\/\/iyp.fcejs.unsl.edu.ar\/#website","url":"https:\/\/iyp.fcejs.unsl.edu.ar\/","name":"Secretar\u00eda de Investigaci\u00f3n y Posgrado","description":"FCEJS - UNSL","publisher":{"@id":"https:\/\/iyp.fcejs.unsl.edu.ar\/#organization"},"potentialAction":[{"@type":"SearchAction","target":{"@type":"EntryPoint","urlTemplate":"https:\/\/iyp.fcejs.unsl.edu.ar\/?s={search_term_string}"},"query-input":{"@type":"PropertyValueSpecification","valueRequired":true,"valueName":"search_term_string"}}],"inLanguage":"es-AR"},{"@type":"Organization","@id":"https:\/\/iyp.fcejs.unsl.edu.ar\/#organization","name":"FCEJS - Secretar\u00eda de Investigaci\u00f3n y Posgrado","url":"https:\/\/iyp.fcejs.unsl.edu.ar\/","logo":{"@type":"ImageObject","inLanguage":"es-AR","@id":"https:\/\/iyp.fcejs.unsl.edu.ar\/#\/schema\/logo\/image\/","url":"https:\/\/iyp.fcejs.unsl.edu.ar\/wp-content\/uploads\/2020\/03\/LogoFCEJS.png","contentUrl":"https:\/\/iyp.fcejs.unsl.edu.ar\/wp-content\/uploads\/2020\/03\/LogoFCEJS.png","width":609,"height":584,"caption":"FCEJS - Secretar\u00eda de Investigaci\u00f3n y Posgrado"},"image":{"@id":"https:\/\/iyp.fcejs.unsl.edu.ar\/#\/schema\/logo\/image\/"}}]}},"_links":{"self":[{"href":"https:\/\/iyp.fcejs.unsl.edu.ar\/index.php\/wp-json\/wp\/v2\/pages\/366","targetHints":{"allow":["GET"]}}],"collection":[{"href":"https:\/\/iyp.fcejs.unsl.edu.ar\/index.php\/wp-json\/wp\/v2\/pages"}],"about":[{"href":"https:\/\/iyp.fcejs.unsl.edu.ar\/index.php\/wp-json\/wp\/v2\/types\/page"}],"author":[{"embeddable":true,"href":"https:\/\/iyp.fcejs.unsl.edu.ar\/index.php\/wp-json\/wp\/v2\/users\/5"}],"replies":[{"embeddable":true,"href":"https:\/\/iyp.fcejs.unsl.edu.ar\/index.php\/wp-json\/wp\/v2\/comments?post=366"}],"version-history":[{"count":76,"href":"https:\/\/iyp.fcejs.unsl.edu.ar\/index.php\/wp-json\/wp\/v2\/pages\/366\/revisions"}],"predecessor-version":[{"id":3702,"href":"https:\/\/iyp.fcejs.unsl.edu.ar\/index.php\/wp-json\/wp\/v2\/pages\/366\/revisions\/3702"}],"up":[{"embeddable":true,"href":"https:\/\/iyp.fcejs.unsl.edu.ar\/index.php\/wp-json\/wp\/v2\/pages\/806"}],"wp:attachment":[{"href":"https:\/\/iyp.fcejs.unsl.edu.ar\/index.php\/wp-json\/wp\/v2\/media?parent=366"}],"curies":[{"name":"wp","href":"https:\/\/api.w.org\/{rel}","templated":true}]}}