{"id":448,"date":"2018-09-04T12:52:25","date_gmt":"2018-09-04T15:52:25","guid":{"rendered":"http:\/\/10.101.10.197\/iyp\/?page_id=448"},"modified":"2022-09-28T10:41:45","modified_gmt":"2022-09-28T13:41:45","slug":"secretaria","status":"publish","type":"page","link":"https:\/\/iyp.fcejs.unsl.edu.ar\/index.php\/secretaria\/","title":{"rendered":"La Secretar\u00eda"},"content":{"rendered":"\t\t<div data-elementor-type=\"wp-post\" data-elementor-id=\"448\" class=\"elementor elementor-448\">\n\t\t\t\t\t\t<section class=\"elementor-section elementor-top-section elementor-element elementor-element-452a elementor-section-boxed elementor-section-height-default elementor-section-height-default\" data-id=\"452a\" data-element_type=\"section\" data-e-type=\"section\">\n\t\t\t\t\t\t<div class=\"elementor-container elementor-column-gap-default\">\n\t\t\t\t\t<div class=\"elementor-column elementor-col-33 elementor-top-column elementor-element elementor-element-6f1b\" data-id=\"6f1b\" data-element_type=\"column\" data-e-type=\"column\">\n\t\t\t<div class=\"elementor-widget-wrap elementor-element-populated\">\n\t\t\t\t\t\t<div class=\"elementor-element elementor-element-4c18efe elementor-hidden-tablet elementor-hidden-phone elementor-widget elementor-widget-heading\" data-id=\"4c18efe\" data-element_type=\"widget\" data-e-type=\"widget\" data-widget_type=\"heading.default\">\n\t\t\t\t<div class=\"elementor-widget-container\">\n\t\t\t\t\t<h2 class=\"elementor-heading-title elementor-size-default\">S<\/h2>\t\t\t\t<\/div>\n\t\t\t\t<\/div>\n\t\t\t\t\t<\/div>\n\t\t<\/div>\n\t\t\t\t<div class=\"elementor-column elementor-col-33 elementor-top-column elementor-element elementor-element-da01698\" data-id=\"da01698\" data-element_type=\"column\" data-e-type=\"column\">\n\t\t\t<div class=\"elementor-widget-wrap elementor-element-populated\">\n\t\t\t\t\t\t<div class=\"elementor-element elementor-element-cda9633 elementor-widget elementor-widget-heading\" data-id=\"cda9633\" data-element_type=\"widget\" data-e-type=\"widget\" data-widget_type=\"heading.default\">\n\t\t\t\t<div class=\"elementor-widget-container\">\n\t\t\t\t\t<h3 class=\"elementor-heading-title elementor-size-default\">SECRETAR\u00cdA DE INVESTIGACI\u00d3N Y POSGRADO<\/h3>\t\t\t\t<\/div>\n\t\t\t\t<\/div>\n\t\t\t\t<div class=\"elementor-element elementor-element-c096198 elementor-widget elementor-widget-text-editor\" data-id=\"c096198\" data-element_type=\"widget\" data-e-type=\"widget\" data-widget_type=\"text-editor.default\">\n\t\t\t\t<div class=\"elementor-widget-container\">\n\t\t\t\t\t\t\t\t\t<p><strong>Secretaria de Investigaci\u00f3n y Posgrado:<br \/><\/strong>&#8211; Mgtr. Lic. Mariel Ayelen Neme\u00a0<\/p><p>&#8211; Nadia Muzevich\u00a0<\/p>\t\t\t\t\t\t\t\t<\/div>\n\t\t\t\t<\/div>\n\t\t\t\t\t<\/div>\n\t\t<\/div>\n\t\t\t\t<div class=\"elementor-column elementor-col-33 elementor-top-column elementor-element elementor-element-acf77dc\" data-id=\"acf77dc\" data-element_type=\"column\" data-e-type=\"column\">\n\t\t\t<div class=\"elementor-widget-wrap\">\n\t\t\t\t\t\t\t<\/div>\n\t\t<\/div>\n\t\t\t\t\t<\/div>\n\t\t<\/section>\n\t\t\t\t<section class=\"elementor-section elementor-top-section elementor-element elementor-element-eb16e4b elementor-section-boxed elementor-section-height-default elementor-section-height-default\" data-id=\"eb16e4b\" data-element_type=\"section\" data-e-type=\"section\">\n\t\t\t\t\t\t<div class=\"elementor-container elementor-column-gap-default\">\n\t\t\t\t\t<div class=\"elementor-column elementor-col-50 elementor-top-column elementor-element elementor-element-791f7f0\" data-id=\"791f7f0\" data-element_type=\"column\" data-e-type=\"column\" data-settings=\"{&quot;background_background&quot;:&quot;classic&quot;}\">\n\t\t\t<div class=\"elementor-widget-wrap elementor-element-populated\">\n\t\t\t\t\t\t<div class=\"elementor-element elementor-element-6e45f64 elementor-hidden-tablet elementor-hidden-phone elementor-widget elementor-widget-heading\" data-id=\"6e45f64\" data-element_type=\"widget\" data-e-type=\"widget\" data-widget_type=\"heading.default\">\n\t\t\t\t<div class=\"elementor-widget-container\">\n\t\t\t\t\t<h1 class=\"elementor-heading-title elementor-size-default\">CAI<\/h1>\t\t\t\t<\/div>\n\t\t\t\t<\/div>\n\t\t\t\t\t<\/div>\n\t\t<\/div>\n\t\t\t\t<div class=\"elementor-column elementor-col-50 elementor-top-column elementor-element elementor-element-c763e2c\" data-id=\"c763e2c\" data-element_type=\"column\" data-e-type=\"column\">\n\t\t\t<div class=\"elementor-widget-wrap elementor-element-populated\">\n\t\t\t\t\t\t<div class=\"elementor-element elementor-element-e0004ee elementor-widget elementor-widget-heading\" data-id=\"e0004ee\" data-element_type=\"widget\" data-e-type=\"widget\" data-widget_type=\"heading.default\">\n\t\t\t\t<div class=\"elementor-widget-container\">\n\t\t\t\t\t<h3 class=\"elementor-heading-title elementor-size-default\">COMISI\u00d3N ASESORA DE INVESTIGACI\u00d3N <\/h3>\t\t\t\t<\/div>\n\t\t\t\t<\/div>\n\t\t\t\t<div class=\"elementor-element elementor-element-429a229 elementor-widget elementor-widget-text-editor\" data-id=\"429a229\" data-element_type=\"widget\" data-e-type=\"widget\" data-widget_type=\"text-editor.default\">\n\t\t\t\t<div class=\"elementor-widget-container\">\n\t\t\t\t\t\t\t\t\t<p>La CAI fue creada por Ord. CD. 03\/2013. Los integrantes son designados por el Consejo Directivo. Sus funciones son entender y asesorar en todas las actividades enmarcadas en la normativa de Ciencia\u00a0 \u00a0y\u00a0 \u00a0Tecnolog\u00eda de la UNSL, espec\u00edfica de la FCEJS y toda otra actividad que considere pertinente.<\/p>\t\t\t\t\t\t\t\t<\/div>\n\t\t\t\t<\/div>\n\t\t\t\t<section class=\"elementor-section elementor-inner-section elementor-element elementor-element-1a48070 elementor-section-boxed elementor-section-height-default elementor-section-height-default\" data-id=\"1a48070\" data-element_type=\"section\" data-e-type=\"section\">\n\t\t\t\t\t\t<div class=\"elementor-container elementor-column-gap-default\">\n\t\t\t\t\t<div class=\"elementor-column elementor-col-50 elementor-inner-column elementor-element elementor-element-ca7b35a\" data-id=\"ca7b35a\" data-element_type=\"column\" data-e-type=\"column\">\n\t\t\t<div class=\"elementor-widget-wrap elementor-element-populated\">\n\t\t\t\t\t\t<div class=\"elementor-element elementor-element-0f886a7 elementor-widget elementor-widget-heading\" data-id=\"0f886a7\" data-element_type=\"widget\" data-e-type=\"widget\" data-widget_type=\"heading.default\">\n\t\t\t\t<div class=\"elementor-widget-container\">\n\t\t\t\t\t<h2 class=\"elementor-heading-title elementor-size-default\">Integrantes 2020<\/h2>\t\t\t\t<\/div>\n\t\t\t\t<\/div>\n\t\t\t\t\t<\/div>\n\t\t<\/div>\n\t\t\t\t<div class=\"elementor-column elementor-col-50 elementor-inner-column elementor-element elementor-element-450d252\" data-id=\"450d252\" data-element_type=\"column\" data-e-type=\"column\">\n\t\t\t<div class=\"elementor-widget-wrap elementor-element-populated\">\n\t\t\t\t\t\t<div class=\"elementor-element elementor-element-3da9c03 elementor-icon-list--layout-traditional elementor-list-item-link-full_width elementor-widget elementor-widget-icon-list\" data-id=\"3da9c03\" data-element_type=\"widget\" data-e-type=\"widget\" data-widget_type=\"icon-list.default\">\n\t\t\t\t<div class=\"elementor-widget-container\">\n\t\t\t\t\t\t\t<ul class=\"elementor-icon-list-items\">\n\t\t\t\t\t\t\t<li class=\"elementor-icon-list-item\">\n\t\t\t\t\t\t\t\t\t\t\t<a href=\"https:\/\/iyp.fcejs.unsl.edu.ar\/wp-content\/uploads\/2022\/09\/RD-No-364-2022.pdf\" target=\"_blank\">\n\n\t\t\t\t\t\t\t\t\t\t\t\t<span class=\"elementor-icon-list-icon\">\n\t\t\t\t\t\t\t<i aria-hidden=\"true\" class=\"fas fa-file-alt\"><\/i>\t\t\t\t\t\t<\/span>\n\t\t\t\t\t\t\t\t\t\t<span class=\"elementor-icon-list-text\">Res. CD. 364\/22<\/span>\n\t\t\t\t\t\t\t\t\t\t\t<\/a>\n\t\t\t\t\t\t\t\t\t<\/li>\n\t\t\t\t\t\t<\/ul>\n\t\t\t\t\t\t<\/div>\n\t\t\t\t<\/div>\n\t\t\t\t\t<\/div>\n\t\t<\/div>\n\t\t\t\t\t<\/div>\n\t\t<\/section>\n\t\t\t\t\t<\/div>\n\t\t<\/div>\n\t\t\t\t\t<\/div>\n\t\t<\/section>\n\t\t\t\t<section class=\"elementor-section elementor-top-section elementor-element elementor-element-51fcafe elementor-section-boxed elementor-section-height-default elementor-section-height-default\" data-id=\"51fcafe\" data-element_type=\"section\" data-e-type=\"section\">\n\t\t\t\t\t\t<div class=\"elementor-container elementor-column-gap-default\">\n\t\t\t\t\t<div class=\"elementor-column elementor-col-50 elementor-top-column elementor-element elementor-element-6786c81\" data-id=\"6786c81\" data-element_type=\"column\" data-e-type=\"column\" data-settings=\"{&quot;background_background&quot;:&quot;classic&quot;}\">\n\t\t\t<div class=\"elementor-widget-wrap elementor-element-populated\">\n\t\t\t\t\t\t<div class=\"elementor-element elementor-element-14cd084 elementor-hidden-tablet elementor-hidden-phone elementor-widget elementor-widget-heading\" data-id=\"14cd084\" data-element_type=\"widget\" data-e-type=\"widget\" data-widget_type=\"heading.default\">\n\t\t\t\t<div class=\"elementor-widget-container\">\n\t\t\t\t\t<h1 class=\"elementor-heading-title elementor-size-default\">CAP<\/h1>\t\t\t\t<\/div>\n\t\t\t\t<\/div>\n\t\t\t\t\t<\/div>\n\t\t<\/div>\n\t\t\t\t<div class=\"elementor-column elementor-col-50 elementor-top-column elementor-element elementor-element-02d26ce\" data-id=\"02d26ce\" data-element_type=\"column\" data-e-type=\"column\">\n\t\t\t<div class=\"elementor-widget-wrap elementor-element-populated\">\n\t\t\t\t\t\t<div class=\"elementor-element elementor-element-6cf22ed elementor-widget elementor-widget-heading\" data-id=\"6cf22ed\" data-element_type=\"widget\" data-e-type=\"widget\" data-widget_type=\"heading.default\">\n\t\t\t\t<div class=\"elementor-widget-container\">\n\t\t\t\t\t<h3 class=\"elementor-heading-title elementor-size-default\">COMISI\u00d3N ASESORA DE POSGRADO<\/h3>\t\t\t\t<\/div>\n\t\t\t\t<\/div>\n\t\t\t\t<div class=\"elementor-element elementor-element-1223abd elementor-widget elementor-widget-text-editor\" data-id=\"1223abd\" data-element_type=\"widget\" data-e-type=\"widget\" data-widget_type=\"text-editor.default\">\n\t\t\t\t<div class=\"elementor-widget-container\">\n\t\t\t\t\t\t\t\t\t<p>La CAP fue creada por Ord. CD. 16\/2010. Los integrantes son designados por el Consejo Directivo. Sus funciones son entender y asesorar en todas las actividades enmarcadas en la normativa de Posgrado de la UNSL, espec\u00edfica de la FCEJS y toda otra actividad que considere pertinente.<\/p>\t\t\t\t\t\t\t\t<\/div>\n\t\t\t\t<\/div>\n\t\t\t\t<section class=\"elementor-section elementor-inner-section elementor-element elementor-element-116f32d elementor-section-boxed elementor-section-height-default elementor-section-height-default\" data-id=\"116f32d\" data-element_type=\"section\" data-e-type=\"section\">\n\t\t\t\t\t\t<div class=\"elementor-container elementor-column-gap-default\">\n\t\t\t\t\t<div class=\"elementor-column elementor-col-50 elementor-inner-column elementor-element elementor-element-f6010be\" data-id=\"f6010be\" data-element_type=\"column\" data-e-type=\"column\">\n\t\t\t<div class=\"elementor-widget-wrap elementor-element-populated\">\n\t\t\t\t\t\t<div class=\"elementor-element elementor-element-16021fe elementor-widget elementor-widget-heading\" data-id=\"16021fe\" data-element_type=\"widget\" data-e-type=\"widget\" data-widget_type=\"heading.default\">\n\t\t\t\t<div class=\"elementor-widget-container\">\n\t\t\t\t\t<h2 class=\"elementor-heading-title elementor-size-default\">Integrantes 2020<\/h2>\t\t\t\t<\/div>\n\t\t\t\t<\/div>\n\t\t\t\t\t<\/div>\n\t\t<\/div>\n\t\t\t\t<div class=\"elementor-column elementor-col-50 elementor-inner-column elementor-element elementor-element-9c18a2f\" data-id=\"9c18a2f\" data-element_type=\"column\" data-e-type=\"column\">\n\t\t\t<div class=\"elementor-widget-wrap elementor-element-populated\">\n\t\t\t\t\t\t<div class=\"elementor-element elementor-element-7b9f73e elementor-icon-list--layout-traditional elementor-list-item-link-full_width elementor-widget elementor-widget-icon-list\" data-id=\"7b9f73e\" data-element_type=\"widget\" data-e-type=\"widget\" data-widget_type=\"icon-list.default\">\n\t\t\t\t<div class=\"elementor-widget-container\">\n\t\t\t\t\t\t\t<ul class=\"elementor-icon-list-items\">\n\t\t\t\t\t\t\t<li class=\"elementor-icon-list-item\">\n\t\t\t\t\t\t\t\t\t\t\t<a href=\"http:\/\/docscomisionesComision_Posgrado.pdf\" target=\"_blank\">\n\n\t\t\t\t\t\t\t\t\t\t\t\t<span class=\"elementor-icon-list-icon\">\n\t\t\t\t\t\t\t<i aria-hidden=\"true\" class=\"fas fa-file-alt\"><\/i>\t\t\t\t\t\t<\/span>\n\t\t\t\t\t\t\t\t\t\t<span class=\"elementor-icon-list-text\">Res. CD. 210\/19<\/span>\n\t\t\t\t\t\t\t\t\t\t\t<\/a>\n\t\t\t\t\t\t\t\t\t<\/li>\n\t\t\t\t\t\t<\/ul>\n\t\t\t\t\t\t<\/div>\n\t\t\t\t<\/div>\n\t\t\t\t\t<\/div>\n\t\t<\/div>\n\t\t\t\t\t<\/div>\n\t\t<\/section>\n\t\t\t\t\t<\/div>\n\t\t<\/div>\n\t\t\t\t\t<\/div>\n\t\t<\/section>\n\t\t\t\t<\/div>\n\t\t","protected":false},"excerpt":{"rendered":"<p>S SECRETAR\u00cdA DE INVESTIGACI\u00d3N Y POSGRADO Secretaria de Investigaci\u00f3n y Posgrado:&#8211; Mgtr. Lic. Mariel Ayelen Neme\u00a0 &#8211; Nadia Muzevich\u00a0 CAI COMISI\u00d3N ASESORA DE INVESTIGACI\u00d3N La&hellip;<\/p>\n","protected":false},"author":5,"featured_media":0,"parent":0,"menu_order":0,"comment_status":"closed","ping_status":"closed","template":"","meta":{"om_disable_all_campaigns":false,"_monsterinsights_skip_tracking":false,"_monsterinsights_sitenote_active":false,"_monsterinsights_sitenote_note":"","_monsterinsights_sitenote_category":0,"_uf_show_specific_survey":0,"_uf_disable_surveys":false,"footnotes":""},"class_list":["post-448","page","type-page","status-publish","hentry"],"yoast_head":"<!-- This site is optimized with the Yoast SEO plugin v27.2 - https:\/\/yoast.com\/product\/yoast-seo-wordpress\/ -->\n<title>La Secretar\u00eda - Secretar\u00eda de Investigaci\u00f3n y Posgrado<\/title>\n<meta name=\"robots\" content=\"index, follow, max-snippet:-1, max-image-preview:large, max-video-preview:-1\" \/>\n<link rel=\"canonical\" href=\"https:\/\/iyp.fcejs.unsl.edu.ar\/index.php\/secretaria\/\" \/>\n<meta property=\"og:locale\" content=\"es_ES\" \/>\n<meta property=\"og:type\" content=\"article\" \/>\n<meta property=\"og:title\" content=\"La Secretar\u00eda - Secretar\u00eda de Investigaci\u00f3n y Posgrado\" \/>\n<meta property=\"og:description\" content=\"S SECRETAR\u00cdA DE INVESTIGACI\u00d3N Y POSGRADO Secretaria de Investigaci\u00f3n y Posgrado:&#8211; Mgtr. Lic. Mariel Ayelen Neme\u00a0 &#8211; Nadia Muzevich\u00a0 CAI COMISI\u00d3N ASESORA DE INVESTIGACI\u00d3N La&hellip;\" \/>\n<meta property=\"og:url\" content=\"https:\/\/iyp.fcejs.unsl.edu.ar\/index.php\/secretaria\/\" \/>\n<meta property=\"og:site_name\" content=\"Secretar\u00eda de Investigaci\u00f3n y Posgrado\" \/>\n<meta property=\"article:modified_time\" content=\"2022-09-28T13:41:45+00:00\" \/>\n<meta name=\"twitter:card\" content=\"summary_large_image\" \/>\n<meta name=\"twitter:label1\" content=\"Tiempo de lectura\" \/>\n\t<meta name=\"twitter:data1\" content=\"1 minuto\" \/>\n<script type=\"application\/ld+json\" class=\"yoast-schema-graph\">{\"@context\":\"https:\/\/schema.org\",\"@graph\":[{\"@type\":\"WebPage\",\"@id\":\"https:\/\/iyp.fcejs.unsl.edu.ar\/index.php\/secretaria\/\",\"url\":\"https:\/\/iyp.fcejs.unsl.edu.ar\/index.php\/secretaria\/\",\"name\":\"La Secretar\u00eda - Secretar\u00eda de Investigaci\u00f3n y Posgrado\",\"isPartOf\":{\"@id\":\"https:\/\/iyp.fcejs.unsl.edu.ar\/#website\"},\"datePublished\":\"2018-09-04T15:52:25+00:00\",\"dateModified\":\"2022-09-28T13:41:45+00:00\",\"breadcrumb\":{\"@id\":\"https:\/\/iyp.fcejs.unsl.edu.ar\/index.php\/secretaria\/#breadcrumb\"},\"inLanguage\":\"es-AR\",\"potentialAction\":[{\"@type\":\"ReadAction\",\"target\":[\"https:\/\/iyp.fcejs.unsl.edu.ar\/index.php\/secretaria\/\"]}]},{\"@type\":\"BreadcrumbList\",\"@id\":\"https:\/\/iyp.fcejs.unsl.edu.ar\/index.php\/secretaria\/#breadcrumb\",\"itemListElement\":[{\"@type\":\"ListItem\",\"position\":1,\"name\":\"Inicio\",\"item\":\"https:\/\/iyp.fcejs.unsl.edu.ar\/\"},{\"@type\":\"ListItem\",\"position\":2,\"name\":\"La Secretar\u00eda\"}]},{\"@type\":\"WebSite\",\"@id\":\"https:\/\/iyp.fcejs.unsl.edu.ar\/#website\",\"url\":\"https:\/\/iyp.fcejs.unsl.edu.ar\/\",\"name\":\"Secretar\u00eda de Investigaci\u00f3n y Posgrado\",\"description\":\"FCEJS - UNSL\",\"publisher\":{\"@id\":\"https:\/\/iyp.fcejs.unsl.edu.ar\/#organization\"},\"potentialAction\":[{\"@type\":\"SearchAction\",\"target\":{\"@type\":\"EntryPoint\",\"urlTemplate\":\"https:\/\/iyp.fcejs.unsl.edu.ar\/?s={search_term_string}\"},\"query-input\":{\"@type\":\"PropertyValueSpecification\",\"valueRequired\":true,\"valueName\":\"search_term_string\"}}],\"inLanguage\":\"es-AR\"},{\"@type\":\"Organization\",\"@id\":\"https:\/\/iyp.fcejs.unsl.edu.ar\/#organization\",\"name\":\"FCEJS - Secretar\u00eda de Investigaci\u00f3n y Posgrado\",\"url\":\"https:\/\/iyp.fcejs.unsl.edu.ar\/\",\"logo\":{\"@type\":\"ImageObject\",\"inLanguage\":\"es-AR\",\"@id\":\"https:\/\/iyp.fcejs.unsl.edu.ar\/#\/schema\/logo\/image\/\",\"url\":\"https:\/\/iyp.fcejs.unsl.edu.ar\/wp-content\/uploads\/2020\/03\/LogoFCEJS.png\",\"contentUrl\":\"https:\/\/iyp.fcejs.unsl.edu.ar\/wp-content\/uploads\/2020\/03\/LogoFCEJS.png\",\"width\":609,\"height\":584,\"caption\":\"FCEJS - Secretar\u00eda de Investigaci\u00f3n y Posgrado\"},\"image\":{\"@id\":\"https:\/\/iyp.fcejs.unsl.edu.ar\/#\/schema\/logo\/image\/\"}}]}<\/script>\n<!-- \/ Yoast SEO plugin. -->","yoast_head_json":{"title":"La Secretar\u00eda - Secretar\u00eda de Investigaci\u00f3n y Posgrado","robots":{"index":"index","follow":"follow","max-snippet":"max-snippet:-1","max-image-preview":"max-image-preview:large","max-video-preview":"max-video-preview:-1"},"canonical":"https:\/\/iyp.fcejs.unsl.edu.ar\/index.php\/secretaria\/","og_locale":"es_ES","og_type":"article","og_title":"La Secretar\u00eda - Secretar\u00eda de Investigaci\u00f3n y Posgrado","og_description":"S SECRETAR\u00cdA DE INVESTIGACI\u00d3N Y POSGRADO Secretaria de Investigaci\u00f3n y Posgrado:&#8211; Mgtr. Lic. Mariel Ayelen Neme\u00a0 &#8211; Nadia Muzevich\u00a0 CAI COMISI\u00d3N ASESORA DE INVESTIGACI\u00d3N La&hellip;","og_url":"https:\/\/iyp.fcejs.unsl.edu.ar\/index.php\/secretaria\/","og_site_name":"Secretar\u00eda de Investigaci\u00f3n y Posgrado","article_modified_time":"2022-09-28T13:41:45+00:00","twitter_card":"summary_large_image","twitter_misc":{"Tiempo de lectura":"1 minuto"},"schema":{"@context":"https:\/\/schema.org","@graph":[{"@type":"WebPage","@id":"https:\/\/iyp.fcejs.unsl.edu.ar\/index.php\/secretaria\/","url":"https:\/\/iyp.fcejs.unsl.edu.ar\/index.php\/secretaria\/","name":"La Secretar\u00eda - Secretar\u00eda de Investigaci\u00f3n y Posgrado","isPartOf":{"@id":"https:\/\/iyp.fcejs.unsl.edu.ar\/#website"},"datePublished":"2018-09-04T15:52:25+00:00","dateModified":"2022-09-28T13:41:45+00:00","breadcrumb":{"@id":"https:\/\/iyp.fcejs.unsl.edu.ar\/index.php\/secretaria\/#breadcrumb"},"inLanguage":"es-AR","potentialAction":[{"@type":"ReadAction","target":["https:\/\/iyp.fcejs.unsl.edu.ar\/index.php\/secretaria\/"]}]},{"@type":"BreadcrumbList","@id":"https:\/\/iyp.fcejs.unsl.edu.ar\/index.php\/secretaria\/#breadcrumb","itemListElement":[{"@type":"ListItem","position":1,"name":"Inicio","item":"https:\/\/iyp.fcejs.unsl.edu.ar\/"},{"@type":"ListItem","position":2,"name":"La Secretar\u00eda"}]},{"@type":"WebSite","@id":"https:\/\/iyp.fcejs.unsl.edu.ar\/#website","url":"https:\/\/iyp.fcejs.unsl.edu.ar\/","name":"Secretar\u00eda de Investigaci\u00f3n y Posgrado","description":"FCEJS - UNSL","publisher":{"@id":"https:\/\/iyp.fcejs.unsl.edu.ar\/#organization"},"potentialAction":[{"@type":"SearchAction","target":{"@type":"EntryPoint","urlTemplate":"https:\/\/iyp.fcejs.unsl.edu.ar\/?s={search_term_string}"},"query-input":{"@type":"PropertyValueSpecification","valueRequired":true,"valueName":"search_term_string"}}],"inLanguage":"es-AR"},{"@type":"Organization","@id":"https:\/\/iyp.fcejs.unsl.edu.ar\/#organization","name":"FCEJS - Secretar\u00eda de Investigaci\u00f3n y Posgrado","url":"https:\/\/iyp.fcejs.unsl.edu.ar\/","logo":{"@type":"ImageObject","inLanguage":"es-AR","@id":"https:\/\/iyp.fcejs.unsl.edu.ar\/#\/schema\/logo\/image\/","url":"https:\/\/iyp.fcejs.unsl.edu.ar\/wp-content\/uploads\/2020\/03\/LogoFCEJS.png","contentUrl":"https:\/\/iyp.fcejs.unsl.edu.ar\/wp-content\/uploads\/2020\/03\/LogoFCEJS.png","width":609,"height":584,"caption":"FCEJS - Secretar\u00eda de Investigaci\u00f3n y Posgrado"},"image":{"@id":"https:\/\/iyp.fcejs.unsl.edu.ar\/#\/schema\/logo\/image\/"}}]}},"_links":{"self":[{"href":"https:\/\/iyp.fcejs.unsl.edu.ar\/index.php\/wp-json\/wp\/v2\/pages\/448","targetHints":{"allow":["GET"]}}],"collection":[{"href":"https:\/\/iyp.fcejs.unsl.edu.ar\/index.php\/wp-json\/wp\/v2\/pages"}],"about":[{"href":"https:\/\/iyp.fcejs.unsl.edu.ar\/index.php\/wp-json\/wp\/v2\/types\/page"}],"author":[{"embeddable":true,"href":"https:\/\/iyp.fcejs.unsl.edu.ar\/index.php\/wp-json\/wp\/v2\/users\/5"}],"replies":[{"embeddable":true,"href":"https:\/\/iyp.fcejs.unsl.edu.ar\/index.php\/wp-json\/wp\/v2\/comments?post=448"}],"version-history":[{"count":51,"href":"https:\/\/iyp.fcejs.unsl.edu.ar\/index.php\/wp-json\/wp\/v2\/pages\/448\/revisions"}],"predecessor-version":[{"id":3331,"href":"https:\/\/iyp.fcejs.unsl.edu.ar\/index.php\/wp-json\/wp\/v2\/pages\/448\/revisions\/3331"}],"wp:attachment":[{"href":"https:\/\/iyp.fcejs.unsl.edu.ar\/index.php\/wp-json\/wp\/v2\/media?parent=448"}],"curies":[{"name":"wp","href":"https:\/\/api.w.org\/{rel}","templated":true}]}}